{"id":55657,"date":"2015-04-22T09:38:38","date_gmt":"2015-04-22T09:38:38","guid":{"rendered":"https:\/\/eltakataka.com\/paginas-web-en-denia\/"},"modified":"2018-09-25T12:16:20","modified_gmt":"2018-09-25T12:16:20","slug":"web-denia","status":"publish","type":"page","link":"https:\/\/eltakataka.com\/ca\/web-denia\/","title":{"rendered":"Web"},"content":{"rendered":"<div class=\"wpb-content-wrapper\"><p>[vc_row][vc_column css=&#8221;.vc_custom_1484233254470{border-top-width: 2px !important;border-right-width: 2px !important;border-bottom-width: 6px !important;border-left-width: 2px !important;padding-left: 0px !important;border-left-color: #e6e6e6 !important;border-left-style: solid !important;border-right-color: #e6e6e6 !important;border-right-style: solid !important;border-top-color: #e6e6e6 !important;border-top-style: solid !important;border-bottom-color: #e6e6e6 !important;border-bottom-style: solid !important;border-radius: 5px !important;}&#8221;][vc_row_inner][vc_column_inner width=&#8221;1\/4&#8243;][vc_single_image image=&#8221;55306&#8243; img_size=&#8221;full&#8221; lazy_loading=&#8221;true&#8221; css=&#8221;.vc_custom_1484232603029{margin-left: 0px !important;padding-left: 0px !important;}&#8221;][\/vc_column_inner][vc_column_inner width=&#8221;3\/4&#8243;][vc_column_text]<\/p>\n<h4>Disseny de p\u00e0gines web a D\u00e9nia, X\u00e0bia, Pego, Pedreguer, Ondara\u2026<\/h4>\n<p style=\"text-align: justify;\">Realitzem p\u00e0gines web a mesura o modifiquem la seua actual p\u00e0gina web per a adaptar-la a les noves necessitats. P\u00e0gines web que s&#8217;adapten a diferents tipus de dispositius.<br \/>\nHem dissenyat p\u00e0gines web a D\u00e9nia, X\u00e0bia, Ondara, Pego, Pedreguer, Gata, Teulada, Benissa, Oliva i en diferents poblacions de la Marina Alta.<\/p>\n<p style=\"text-align: justify;\">Tamb\u00e9 elaborem sistemes d&#8217;administraci\u00f3 de contingut perqu\u00e8 el client puga modificar de manera simple la informaci\u00f3 de la seua p\u00e0gina web.<\/p>\n<p style=\"text-align: justify;\">En Eltakataka podem crear la seua p\u00e0gina web personalitzada totalment o basar-nos en un sistema de gesti\u00f3 de contingut tipus WordPress. D&#8217;aquesta manera li facilitem l&#8217;administraci\u00f3 de tota la informaci\u00f3 de la seua web.<\/p>\n<p>[\/vc_column_text][\/vc_column_inner][\/vc_row_inner][\/vc_column][\/vc_row][vc_row][vc_column][vc_empty_space][\/vc_column][\/vc_row]<\/p>\n<\/div>","protected":false},"excerpt":{"rendered":"<p>[vc_row][vc_column css=&#8221;.vc_custom_1484233254470{border-top-width: 2px !important;border-right-width: 2px !important;border-bottom-width: 6px !important;border-left-width: 2px !important;padding-left: 0px !important;border-left-color: #e6e6e6 !important;border-left-style: solid !important;border-right-color: #e6e6e6 !important;border-right-style: solid !important;border-top-color: #e6e6e6 !important;border-top-style: solid !important;border-bottom-color: #e6e6e6 !important;border-bottom-style: solid !important;border-radius: 5px !important;}&#8221;][vc_row_inner][vc_column_inner width=&#8221;1\/4&#8243;][vc_single_image image=&#8221;55306&#8243; img_size=&#8221;full&#8221; lazy_loading=&#8221;true&#8221; css=&#8221;.vc_custom_1484232603029{margin-left: 0px !important;padding-left: 0px !important;}&#8221;][\/vc_column_inner][vc_column_inner width=&#8221;3\/4&#8243;][vc_column_text] Disseny de p\u00e0gines web a D\u00e9nia, X\u00e0bia, Pego, Pedreguer, Ondara\u2026 Realitzem p\u00e0gines web a mesura&hellip;<\/p>\n","protected":false},"author":1,"featured_media":0,"parent":0,"menu_order":0,"comment_status":"closed","ping_status":"closed","template":"template-portfolio-masonry.php","meta":{"footnotes":""},"yoast_head":"<!-- This site is optimized with the Yoast SEO plugin v21.4 - https:\/\/yoast.com\/wordpress\/plugins\/seo\/ -->\n<title>P\u00e0gines web D\u00e9nia, Pego, X\u00e0bia i Marina Alta. Disseny web, wordPress...<\/title>\n<meta name=\"description\" content=\"En Eltakataka dissenyem p\u00e0gines web a D\u00e9nia, X\u00e0bia, Pego, Ondara, Pedreguer, El Verger, Oliva i La Marina Alta. M\u00e9s de 10 anys d&#039;experi\u00e8ncia en disseny web.\" \/>\n<meta name=\"robots\" content=\"index, follow, max-snippet:-1, max-image-preview:large, max-video-preview:-1\" \/>\n<link rel=\"canonical\" href=\"https:\/\/eltakataka.com\/ca\/web-denia\/\" \/>\n<meta property=\"og:locale\" content=\"ca_ES\" \/>\n<meta property=\"og:type\" content=\"article\" \/>\n<meta property=\"og:title\" content=\"P\u00e0gines web D\u00e9nia, Pego, X\u00e0bia i Marina Alta. Disseny web, wordPress...\" \/>\n<meta property=\"og:description\" content=\"En Eltakataka dissenyem p\u00e0gines web a D\u00e9nia, X\u00e0bia, Pego, Ondara, Pedreguer, El Verger, Oliva i La Marina Alta. M\u00e9s de 10 anys d&#039;experi\u00e8ncia en disseny web.\" \/>\n<meta property=\"og:url\" content=\"https:\/\/eltakataka.com\/ca\/web-denia\/\" \/>\n<meta property=\"og:site_name\" content=\"Eltakataka\" \/>\n<meta property=\"article:publisher\" content=\"https:\/\/www.facebook.com\/estudiowebymultimedia\" \/>\n<meta property=\"article:modified_time\" content=\"2018-09-25T12:16:20+00:00\" \/>\n<meta name=\"twitter:card\" content=\"summary_large_image\" \/>\n<meta name=\"twitter:label1\" content=\"Temps estimat de lectura\" \/>\n\t<meta name=\"twitter:data1\" content=\"1 minut\" \/>\n<script type=\"application\/ld+json\" class=\"yoast-schema-graph\">{\"@context\":\"https:\/\/schema.org\",\"@graph\":[{\"@type\":\"WebPage\",\"@id\":\"https:\/\/eltakataka.com\/ca\/web-denia\/\",\"url\":\"https:\/\/eltakataka.com\/ca\/web-denia\/\",\"name\":\"P\u00e0gines web D\u00e9nia, Pego, X\u00e0bia i Marina Alta. Disseny web, wordPress...\",\"isPartOf\":{\"@id\":\"https:\/\/eltakataka.com\/ca\/#website\"},\"datePublished\":\"2015-04-22T09:38:38+00:00\",\"dateModified\":\"2018-09-25T12:16:20+00:00\",\"description\":\"En Eltakataka dissenyem p\u00e0gines web a D\u00e9nia, X\u00e0bia, Pego, Ondara, Pedreguer, El Verger, Oliva i La Marina Alta. M\u00e9s de 10 anys d'experi\u00e8ncia en disseny web.\",\"breadcrumb\":{\"@id\":\"https:\/\/eltakataka.com\/ca\/web-denia\/#breadcrumb\"},\"inLanguage\":\"ca\",\"potentialAction\":[{\"@type\":\"ReadAction\",\"target\":[\"https:\/\/eltakataka.com\/ca\/web-denia\/\"]}]},{\"@type\":\"BreadcrumbList\",\"@id\":\"https:\/\/eltakataka.com\/ca\/web-denia\/#breadcrumb\",\"itemListElement\":[{\"@type\":\"ListItem\",\"position\":1,\"name\":\"Portada\",\"item\":\"https:\/\/eltakataka.com\/ca\/\"},{\"@type\":\"ListItem\",\"position\":2,\"name\":\"Web\"}]},{\"@type\":\"WebSite\",\"@id\":\"https:\/\/eltakataka.com\/ca\/#website\",\"url\":\"https:\/\/eltakataka.com\/ca\/\",\"name\":\"Eltakataka\",\"description\":\"Dise\u00f1o de p\u00e1ginas web, animaci\u00f3n, documentales. D\u00e9nia y Marina Alta\",\"potentialAction\":[{\"@type\":\"SearchAction\",\"target\":{\"@type\":\"EntryPoint\",\"urlTemplate\":\"https:\/\/eltakataka.com\/ca\/?s={search_term_string}\"},\"query-input\":\"required name=search_term_string\"}],\"inLanguage\":\"ca\"}]}<\/script>\n<!-- \/ Yoast SEO plugin. -->","yoast_head_json":{"title":"P\u00e0gines web D\u00e9nia, Pego, X\u00e0bia i Marina Alta. Disseny web, wordPress...","description":"En Eltakataka dissenyem p\u00e0gines web a D\u00e9nia, X\u00e0bia, Pego, Ondara, Pedreguer, El Verger, Oliva i La Marina Alta. M\u00e9s de 10 anys d'experi\u00e8ncia en disseny web.","robots":{"index":"index","follow":"follow","max-snippet":"max-snippet:-1","max-image-preview":"max-image-preview:large","max-video-preview":"max-video-preview:-1"},"canonical":"https:\/\/eltakataka.com\/ca\/web-denia\/","og_locale":"ca_ES","og_type":"article","og_title":"P\u00e0gines web D\u00e9nia, Pego, X\u00e0bia i Marina Alta. Disseny web, wordPress...","og_description":"En Eltakataka dissenyem p\u00e0gines web a D\u00e9nia, X\u00e0bia, Pego, Ondara, Pedreguer, El Verger, Oliva i La Marina Alta. M\u00e9s de 10 anys d'experi\u00e8ncia en disseny web.","og_url":"https:\/\/eltakataka.com\/ca\/web-denia\/","og_site_name":"Eltakataka","article_publisher":"https:\/\/www.facebook.com\/estudiowebymultimedia","article_modified_time":"2018-09-25T12:16:20+00:00","twitter_card":"summary_large_image","twitter_misc":{"Temps estimat de lectura":"1 minut"},"schema":{"@context":"https:\/\/schema.org","@graph":[{"@type":"WebPage","@id":"https:\/\/eltakataka.com\/ca\/web-denia\/","url":"https:\/\/eltakataka.com\/ca\/web-denia\/","name":"P\u00e0gines web D\u00e9nia, Pego, X\u00e0bia i Marina Alta. Disseny web, wordPress...","isPartOf":{"@id":"https:\/\/eltakataka.com\/ca\/#website"},"datePublished":"2015-04-22T09:38:38+00:00","dateModified":"2018-09-25T12:16:20+00:00","description":"En Eltakataka dissenyem p\u00e0gines web a D\u00e9nia, X\u00e0bia, Pego, Ondara, Pedreguer, El Verger, Oliva i La Marina Alta. M\u00e9s de 10 anys d'experi\u00e8ncia en disseny web.","breadcrumb":{"@id":"https:\/\/eltakataka.com\/ca\/web-denia\/#breadcrumb"},"inLanguage":"ca","potentialAction":[{"@type":"ReadAction","target":["https:\/\/eltakataka.com\/ca\/web-denia\/"]}]},{"@type":"BreadcrumbList","@id":"https:\/\/eltakataka.com\/ca\/web-denia\/#breadcrumb","itemListElement":[{"@type":"ListItem","position":1,"name":"Portada","item":"https:\/\/eltakataka.com\/ca\/"},{"@type":"ListItem","position":2,"name":"Web"}]},{"@type":"WebSite","@id":"https:\/\/eltakataka.com\/ca\/#website","url":"https:\/\/eltakataka.com\/ca\/","name":"Eltakataka","description":"Dise\u00f1o de p\u00e1ginas web, animaci\u00f3n, documentales. D\u00e9nia y Marina Alta","potentialAction":[{"@type":"SearchAction","target":{"@type":"EntryPoint","urlTemplate":"https:\/\/eltakataka.com\/ca\/?s={search_term_string}"},"query-input":"required name=search_term_string"}],"inLanguage":"ca"}]}},"_links":{"self":[{"href":"https:\/\/eltakataka.com\/ca\/wp-json\/wp\/v2\/pages\/55657"}],"collection":[{"href":"https:\/\/eltakataka.com\/ca\/wp-json\/wp\/v2\/pages"}],"about":[{"href":"https:\/\/eltakataka.com\/ca\/wp-json\/wp\/v2\/types\/page"}],"author":[{"embeddable":true,"href":"https:\/\/eltakataka.com\/ca\/wp-json\/wp\/v2\/users\/1"}],"replies":[{"embeddable":true,"href":"https:\/\/eltakataka.com\/ca\/wp-json\/wp\/v2\/comments?post=55657"}],"version-history":[{"count":0,"href":"https:\/\/eltakataka.com\/ca\/wp-json\/wp\/v2\/pages\/55657\/revisions"}],"wp:attachment":[{"href":"https:\/\/eltakataka.com\/ca\/wp-json\/wp\/v2\/media?parent=55657"}],"curies":[{"name":"wp","href":"https:\/\/api.w.org\/{rel}","templated":true}]}}