{"id":55684,"date":"2015-04-21T08:43:10","date_gmt":"2015-04-21T08:43:10","guid":{"rendered":"https:\/\/eltakataka.com\/contacto\/"},"modified":"2025-01-20T10:17:07","modified_gmt":"2025-01-20T10:17:07","slug":"contacte","status":"publish","type":"page","link":"https:\/\/eltakataka.com\/ca\/contacte\/","title":{"rendered":"Contacte"},"content":{"rendered":"<div class=\"wpb-content-wrapper\"><p>[vc_row][vc_column width=&#8221;1\/2&#8243;]\n<div class=\"wpcf7 no-js\" id=\"wpcf7-f55686-o1\" lang=\"es-ES\" dir=\"ltr\">\n<div class=\"screen-reader-response\"><p role=\"status\" aria-live=\"polite\" aria-atomic=\"true\"><\/p> <ul><\/ul><\/div>\n<form action=\"\/ca\/wp-json\/wp\/v2\/pages\/55684#wpcf7-f55686-o1\" method=\"post\" class=\"wpcf7-form init\" aria-label=\"Formulario de contacto\" novalidate=\"novalidate\" data-status=\"init\">\n<div style=\"display: none;\">\n<input type=\"hidden\" name=\"_wpcf7\" value=\"55686\" \/>\n<input type=\"hidden\" name=\"_wpcf7_version\" value=\"5.8.1\" \/>\n<input type=\"hidden\" name=\"_wpcf7_locale\" value=\"es_ES\" \/>\n<input type=\"hidden\" name=\"_wpcf7_unit_tag\" value=\"wpcf7-f55686-o1\" \/>\n<input type=\"hidden\" name=\"_wpcf7_container_post\" value=\"0\" \/>\n<input type=\"hidden\" name=\"_wpcf7_posted_data_hash\" value=\"\" \/>\n<input type=\"hidden\" name=\"_wpcf7_recaptcha_response\" value=\"\" \/>\n<\/div>\n<p>Nom\n<\/p>\n<p><span class=\"wpcf7-form-control-wrap\" data-name=\"your-name\"><input size=\"40\" class=\"wpcf7-form-control wpcf7-text wpcf7-validates-as-required\" aria-required=\"true\" aria-invalid=\"false\" value=\"\" type=\"text\" name=\"your-name\" \/><\/span>\n<\/p>\n<p>E-mail\n<\/p>\n<p><span class=\"wpcf7-form-control-wrap\" data-name=\"your-email\"><input size=\"40\" class=\"wpcf7-form-control wpcf7-email wpcf7-validates-as-required wpcf7-text wpcf7-validates-as-email\" aria-required=\"true\" aria-invalid=\"false\" value=\"\" type=\"email\" name=\"your-email\" \/><\/span>\n<\/p>\n<p>Assumpte\n<\/p>\n<p><span class=\"wpcf7-form-control-wrap\" data-name=\"your-subject\"><input size=\"40\" class=\"wpcf7-form-control wpcf7-text wpcf7-validates-as-required\" aria-required=\"true\" aria-invalid=\"false\" value=\"\" type=\"text\" name=\"your-subject\" \/><\/span>\n<\/p>\n<p>Missatge\n<\/p>\n<p><span class=\"wpcf7-form-control-wrap\" data-name=\"your-message\"><textarea cols=\"40\" rows=\"10\" class=\"wpcf7-form-control wpcf7-textarea\" aria-invalid=\"false\" name=\"your-message\"><\/textarea><\/span>\n<\/p>\n<p>Per enviar el formulari has d'acceptar la nostra <a href=\"https:\/\/eltakataka.com\/politica-de-privacidad\/\" target=\"_blank\">Pol\u00edtica de protecci\u00f3 de dades.<\/a>\n<\/p>\n<p><span class=\"wpcf7-form-control-wrap\" data-name=\"Acepto-politica\"><span class=\"wpcf7-form-control wpcf7-acceptance\"><span class=\"wpcf7-list-item\"><label><input type=\"checkbox\" name=\"Acepto-politica\" value=\"1\" aria-invalid=\"false\" \/><span class=\"wpcf7-list-item-label\">Acepte la pol\u00edtica de protecci\u00f3 de dades de Eltakataka<\/span><\/label><\/span><\/span><\/span>\n<\/p>\n<p><a href=\"https:\/\/eltakataka.com\/politica-de-privacidad\/\" target=\"_blank\">Click ac\u00ed per revisar-la<\/a>\n<\/p>\n<p style=\"font-size:12px;\"><br \/>\nLes dades que proporcions mitjan\u00e7ant aquest formulari seran tractades per Eltakataka, S.C. com a responsable d'aquesta web. La finalitat de la recollida d'aquestes dades es realitza nom\u00e9s per a respondre a la teva consulta. Pots exercir els teus drets d'acc\u00e9s, rectificaci\u00f3, limitaci\u00f3 i supressi\u00f3 enviant un correu electr\u00f2nic a info@eltakataka.com. Pots consultar la informaci\u00f3 completa i detallada sobre privacitat en la nostra <a href=\"https:\/\/eltakataka.com\/ca\/politica-de-privacidad\/\" target=\"_blank\">pol\u00edtica de privacitat.<\/a>\n<\/p>\n<p><input class=\"wpcf7-form-control wpcf7-submit has-spinner\" type=\"submit\" value=\"Enviar\" \/>\n<\/p>\n<p><label><br \/>\n<\/label>\n<\/p>\n<ol style=\"font-size:12px;\">\n\t<li>\n\t\t<p>Responsable de les dades: Eltakataka, S.C.\n\t\t<\/p>\n\t<\/li>\n\t<li>\n\t\t<p>Finalitat de les dades: Respondre a la sol\u00b7licitud d'informaci\u00f3 del sol\u00b7licitant.\n\t\t<\/p>\n\t<\/li>\n\t<li>\n\t\t<p>Emmagatzematge de les dades: Base de dades allotjada en Minervahosting.(UE)\n\t\t<\/p>\n\t<\/li>\n\t<li>\n\t\t<p>Drets: En qualsevol moment pots <a href=\"mailto:info@eltakataka.com\">limitar, recuperar i esborrar la teva informaci\u00f3<\/a>.\n\t\t<\/p>\n\t<\/li>\n<\/ol><div class=\"wpcf7-response-output\" aria-hidden=\"true\"><\/div>\n<\/form>\n<\/div>\n[\/vc_column][vc_column width=&#8221;1\/2&#8243;][vc_column_text]A Eltakataka dissenyem p\u00e0gines web administrables, animacions personalitzades per a empreses, associacions, institucions, esdeveniments art\u00edstics. Hem participat en la creaci\u00f3 de documentals i audiovisuals en diferents processos del treball creatiu, des del gui\u00f3 fins a la producci\u00f3, muntatge, postproducci\u00f3 o animaci\u00f3 dels elements gr\u00e0fics i cartelleria.<br \/>\n<strong><br \/>\nPer a m\u00e9s informaci\u00f3:<\/strong><\/p>\n<ul class=\"fa-ul\" style=\"list-style: none;\">\n<li style=\"padding-bottom: 10px;\"><i class=\"fa-li fa icon-megaphone-1\"><\/i>Tel. 605 941 798<\/li>\n<li style=\"padding-bottom: 10px;\"><i class=\"fa-li fa fa-envelope-o\"><\/i><span style=\"color: #333333;\"><a style=\"color: #333333; text-decoration: underline;\" href=\"mailto:info@eltakataka.com\" target=\"_blank\" rel=\"noopener\">info@eltakataka.com<br \/>\n<\/a><\/span><\/li>\n<li style=\"padding-bottom: 10px;\"><i class=\"fa-li fa icon-paper-plane-2\"><\/i>C\/ Marqu\u00e9s de Campo, 42. D\u00e9nia<\/li>\n<\/ul>\n<p><iframe loading=\"lazy\" title=\"Titulo\" src=\"https:\/\/eltakataka.com\/paginas-web\/eltakataka-lococlub.html\" width=\"100%\" height=\"500\" frameborder=\"0\"><\/iframe>[\/vc_column_text][\/vc_column][\/vc_row]<\/p>\n<\/div>","protected":false},"excerpt":{"rendered":"<p>[vc_row][vc_column width=&#8221;1\/2&#8243;][\/vc_column][vc_column width=&#8221;1\/2&#8243;][vc_column_text]A Eltakataka dissenyem p\u00e0gines web administrables, animacions personalitzades per a empreses, associacions, institucions, esdeveniments art\u00edstics. Hem participat en la creaci\u00f3 de documentals i audiovisuals en diferents processos del treball creatiu, des del gui\u00f3 fins a la producci\u00f3, muntatge, postproducci\u00f3 o animaci\u00f3 dels elements gr\u00e0fics i cartelleria. Per a m\u00e9s informaci\u00f3: Tel. 605 941&hellip;<\/p>\n","protected":false},"author":1,"featured_media":22882,"parent":0,"menu_order":0,"comment_status":"closed","ping_status":"closed","template":"","meta":{"footnotes":""},"yoast_head":"<!-- This site is optimized with the Yoast SEO plugin v21.4 - https:\/\/yoast.com\/wordpress\/plugins\/seo\/ -->\n<title>Disseny p\u00e0gines web, animaci\u00f3, audiovisuals. D\u00e9nia, i Pego<\/title>\n<meta name=\"description\" content=\"Disseny de p\u00e0gines web, animaci\u00f3, audiovisuals, multim\u00e8dia a D\u00e9nia, Pego i La Marina Alta. Animacions personalitzades per a empreses.\" \/>\n<meta name=\"robots\" content=\"index, follow, max-snippet:-1, max-image-preview:large, max-video-preview:-1\" \/>\n<link rel=\"canonical\" href=\"https:\/\/eltakataka.com\/ca\/contacte\/\" \/>\n<meta property=\"og:locale\" content=\"ca_ES\" \/>\n<meta property=\"og:type\" content=\"article\" \/>\n<meta property=\"og:title\" content=\"Disseny p\u00e0gines web, animaci\u00f3, audiovisuals. D\u00e9nia, i Pego\" \/>\n<meta property=\"og:description\" content=\"Disseny de p\u00e0gines web, animaci\u00f3, audiovisuals, multim\u00e8dia a D\u00e9nia, Pego i La Marina Alta. Animacions personalitzades per a empreses.\" \/>\n<meta property=\"og:url\" content=\"https:\/\/eltakataka.com\/ca\/contacte\/\" \/>\n<meta property=\"og:site_name\" content=\"Eltakataka\" \/>\n<meta property=\"article:publisher\" content=\"https:\/\/www.facebook.com\/estudiowebymultimedia\" \/>\n<meta property=\"article:modified_time\" content=\"2025-01-20T10:17:07+00:00\" \/>\n<meta property=\"og:image\" content=\"https:\/\/eltakataka.com\/wp-content\/uploads\/2014\/10\/lamarinaplaza.jpg\" \/>\n\t<meta property=\"og:image:width\" content=\"1920\" \/>\n\t<meta property=\"og:image:height\" content=\"1080\" \/>\n\t<meta property=\"og:image:type\" content=\"image\/jpeg\" \/>\n<meta name=\"twitter:card\" content=\"summary_large_image\" \/>\n<meta name=\"twitter:label1\" content=\"Temps estimat de lectura\" \/>\n\t<meta name=\"twitter:data1\" content=\"1 minut\" \/>\n<script type=\"application\/ld+json\" class=\"yoast-schema-graph\">{\"@context\":\"https:\/\/schema.org\",\"@graph\":[{\"@type\":\"WebPage\",\"@id\":\"https:\/\/eltakataka.com\/ca\/contacte\/\",\"url\":\"https:\/\/eltakataka.com\/ca\/contacte\/\",\"name\":\"Disseny p\u00e0gines web, animaci\u00f3, audiovisuals. D\u00e9nia, i Pego\",\"isPartOf\":{\"@id\":\"https:\/\/eltakataka.com\/ca\/#website\"},\"datePublished\":\"2015-04-21T08:43:10+00:00\",\"dateModified\":\"2025-01-20T10:17:07+00:00\",\"description\":\"Disseny de p\u00e0gines web, animaci\u00f3, audiovisuals, multim\u00e8dia a D\u00e9nia, Pego i La Marina Alta. Animacions personalitzades per a empreses.\",\"breadcrumb\":{\"@id\":\"https:\/\/eltakataka.com\/ca\/contacte\/#breadcrumb\"},\"inLanguage\":\"ca\",\"potentialAction\":[{\"@type\":\"ReadAction\",\"target\":[\"https:\/\/eltakataka.com\/ca\/contacte\/\"]}]},{\"@type\":\"BreadcrumbList\",\"@id\":\"https:\/\/eltakataka.com\/ca\/contacte\/#breadcrumb\",\"itemListElement\":[{\"@type\":\"ListItem\",\"position\":1,\"name\":\"Portada\",\"item\":\"https:\/\/eltakataka.com\/ca\/\"},{\"@type\":\"ListItem\",\"position\":2,\"name\":\"Contacte\"}]},{\"@type\":\"WebSite\",\"@id\":\"https:\/\/eltakataka.com\/ca\/#website\",\"url\":\"https:\/\/eltakataka.com\/ca\/\",\"name\":\"Eltakataka\",\"description\":\"Dise\u00f1o de p\u00e1ginas web, animaci\u00f3n, documentales. D\u00e9nia y Marina Alta\",\"potentialAction\":[{\"@type\":\"SearchAction\",\"target\":{\"@type\":\"EntryPoint\",\"urlTemplate\":\"https:\/\/eltakataka.com\/ca\/?s={search_term_string}\"},\"query-input\":\"required name=search_term_string\"}],\"inLanguage\":\"ca\"}]}<\/script>\n<!-- \/ Yoast SEO plugin. -->","yoast_head_json":{"title":"Disseny p\u00e0gines web, animaci\u00f3, audiovisuals. D\u00e9nia, i Pego","description":"Disseny de p\u00e0gines web, animaci\u00f3, audiovisuals, multim\u00e8dia a D\u00e9nia, Pego i La Marina Alta. Animacions personalitzades per a empreses.","robots":{"index":"index","follow":"follow","max-snippet":"max-snippet:-1","max-image-preview":"max-image-preview:large","max-video-preview":"max-video-preview:-1"},"canonical":"https:\/\/eltakataka.com\/ca\/contacte\/","og_locale":"ca_ES","og_type":"article","og_title":"Disseny p\u00e0gines web, animaci\u00f3, audiovisuals. D\u00e9nia, i Pego","og_description":"Disseny de p\u00e0gines web, animaci\u00f3, audiovisuals, multim\u00e8dia a D\u00e9nia, Pego i La Marina Alta. Animacions personalitzades per a empreses.","og_url":"https:\/\/eltakataka.com\/ca\/contacte\/","og_site_name":"Eltakataka","article_publisher":"https:\/\/www.facebook.com\/estudiowebymultimedia","article_modified_time":"2025-01-20T10:17:07+00:00","og_image":[{"width":1920,"height":1080,"url":"https:\/\/eltakataka.com\/wp-content\/uploads\/2014\/10\/lamarinaplaza.jpg","type":"image\/jpeg"}],"twitter_card":"summary_large_image","twitter_misc":{"Temps estimat de lectura":"1 minut"},"schema":{"@context":"https:\/\/schema.org","@graph":[{"@type":"WebPage","@id":"https:\/\/eltakataka.com\/ca\/contacte\/","url":"https:\/\/eltakataka.com\/ca\/contacte\/","name":"Disseny p\u00e0gines web, animaci\u00f3, audiovisuals. D\u00e9nia, i Pego","isPartOf":{"@id":"https:\/\/eltakataka.com\/ca\/#website"},"datePublished":"2015-04-21T08:43:10+00:00","dateModified":"2025-01-20T10:17:07+00:00","description":"Disseny de p\u00e0gines web, animaci\u00f3, audiovisuals, multim\u00e8dia a D\u00e9nia, Pego i La Marina Alta. Animacions personalitzades per a empreses.","breadcrumb":{"@id":"https:\/\/eltakataka.com\/ca\/contacte\/#breadcrumb"},"inLanguage":"ca","potentialAction":[{"@type":"ReadAction","target":["https:\/\/eltakataka.com\/ca\/contacte\/"]}]},{"@type":"BreadcrumbList","@id":"https:\/\/eltakataka.com\/ca\/contacte\/#breadcrumb","itemListElement":[{"@type":"ListItem","position":1,"name":"Portada","item":"https:\/\/eltakataka.com\/ca\/"},{"@type":"ListItem","position":2,"name":"Contacte"}]},{"@type":"WebSite","@id":"https:\/\/eltakataka.com\/ca\/#website","url":"https:\/\/eltakataka.com\/ca\/","name":"Eltakataka","description":"Dise\u00f1o de p\u00e1ginas web, animaci\u00f3n, documentales. D\u00e9nia y Marina Alta","potentialAction":[{"@type":"SearchAction","target":{"@type":"EntryPoint","urlTemplate":"https:\/\/eltakataka.com\/ca\/?s={search_term_string}"},"query-input":"required name=search_term_string"}],"inLanguage":"ca"}]}},"_links":{"self":[{"href":"https:\/\/eltakataka.com\/ca\/wp-json\/wp\/v2\/pages\/55684"}],"collection":[{"href":"https:\/\/eltakataka.com\/ca\/wp-json\/wp\/v2\/pages"}],"about":[{"href":"https:\/\/eltakataka.com\/ca\/wp-json\/wp\/v2\/types\/page"}],"author":[{"embeddable":true,"href":"https:\/\/eltakataka.com\/ca\/wp-json\/wp\/v2\/users\/1"}],"replies":[{"embeddable":true,"href":"https:\/\/eltakataka.com\/ca\/wp-json\/wp\/v2\/comments?post=55684"}],"version-history":[{"count":2,"href":"https:\/\/eltakataka.com\/ca\/wp-json\/wp\/v2\/pages\/55684\/revisions"}],"predecessor-version":[{"id":57356,"href":"https:\/\/eltakataka.com\/ca\/wp-json\/wp\/v2\/pages\/55684\/revisions\/57356"}],"wp:featuredmedia":[{"embeddable":true,"href":"https:\/\/eltakataka.com\/ca\/wp-json\/wp\/v2\/media\/22882"}],"wp:attachment":[{"href":"https:\/\/eltakataka.com\/ca\/wp-json\/wp\/v2\/media?parent=55684"}],"curies":[{"name":"wp","href":"https:\/\/api.w.org\/{rel}","templated":true}]}}