{"id":55988,"date":"2014-08-21T06:18:32","date_gmt":"2014-08-21T06:18:32","guid":{"rendered":"https:\/\/eltakataka.com\/animacion\/"},"modified":"2021-10-22T12:12:39","modified_gmt":"2021-10-22T12:12:39","slug":"video-animacio","status":"publish","type":"page","link":"https:\/\/eltakataka.com\/ca\/video-animacio\/","title":{"rendered":"Videos d&#8217;animaci\u00f3"},"content":{"rendered":"<div class=\"wpb-content-wrapper\"><p>[vc_row][vc_column][vc_column_text]<\/p>\n<p style=\"text-align: justify;\">M\u00e9s de deu anys d\u2019experi\u00e8ncia en aquest camp amb fins i mitjans diversos ens ha portat a la realitzaci\u00f3 de projectes tant per al mig web com per a actuacions teatrals, festivals, projectes educatius, presentacions d\u2019empresa, v\u00eddeos explicatius de productes, espots televisius, cd\u2019s i dvd\u2019s interactius\u2026<\/p>\n<p style=\"text-align: left;\">Entre els nostres clients es troben: Ajuntament de Vila-real, Ajuntament de D\u00e9nia, Xarxa d\u2019Universitats Valencianes per al foment de la R+D+i (Ruvid), Pons Qu\u00edmiques, Bic,\u2026<\/p>\n<p>[\/vc_column_text][\/vc_column][\/vc_row]<\/p>\n<\/div>","protected":false},"excerpt":{"rendered":"<p>[vc_row][vc_column][vc_column_text] M\u00e9s de deu anys d\u2019experi\u00e8ncia en aquest camp amb fins i mitjans diversos ens ha portat a la realitzaci\u00f3 de projectes tant per al mig web com per a actuacions teatrals, festivals, projectes educatius, presentacions d\u2019empresa, v\u00eddeos explicatius de productes, espots televisius, cd\u2019s i dvd\u2019s interactius\u2026 Entre els nostres clients es troben: Ajuntament de&hellip;<\/p>\n","protected":false},"author":1,"featured_media":0,"parent":0,"menu_order":0,"comment_status":"closed","ping_status":"closed","template":"template-portfolio-masonry.php","meta":{"footnotes":""},"yoast_head":"<!-- This site is optimized with the Yoast SEO plugin v21.4 - https:\/\/yoast.com\/wordpress\/plugins\/seo\/ -->\n<title>V\u00eddeo animaci\u00f3 D\u00e9nia. V\u00eddeo 3d, v\u00eddeo educatiu, formatiu, promo, espot<\/title>\n<meta name=\"description\" content=\"V\u00eddeos d&#039;animaci\u00f3 per a museus, ajuntaments, espectacles, teatre, festivals, negocis. Amb m\u00e9s de 10 anys d&#039;experi\u00e8ncia a D\u00e9nia i Pego\" \/>\n<meta name=\"robots\" content=\"index, follow, max-snippet:-1, max-image-preview:large, max-video-preview:-1\" \/>\n<link rel=\"canonical\" href=\"https:\/\/eltakataka.com\/ca\/video-animacio\/\" \/>\n<meta property=\"og:locale\" content=\"ca_ES\" \/>\n<meta property=\"og:type\" content=\"article\" \/>\n<meta property=\"og:title\" content=\"V\u00eddeo animaci\u00f3 D\u00e9nia. V\u00eddeo 3d, v\u00eddeo educatiu, formatiu, promo, espot\" \/>\n<meta property=\"og:description\" content=\"V\u00eddeos d&#039;animaci\u00f3 per a museus, ajuntaments, espectacles, teatre, festivals, negocis. Amb m\u00e9s de 10 anys d&#039;experi\u00e8ncia a D\u00e9nia i Pego\" \/>\n<meta property=\"og:url\" content=\"https:\/\/eltakataka.com\/ca\/video-animacio\/\" \/>\n<meta property=\"og:site_name\" content=\"Eltakataka\" \/>\n<meta property=\"article:publisher\" content=\"https:\/\/www.facebook.com\/estudiowebymultimedia\" \/>\n<meta property=\"article:modified_time\" content=\"2021-10-22T12:12:39+00:00\" \/>\n<meta name=\"twitter:card\" content=\"summary_large_image\" \/>\n<script type=\"application\/ld+json\" class=\"yoast-schema-graph\">{\"@context\":\"https:\/\/schema.org\",\"@graph\":[{\"@type\":\"WebPage\",\"@id\":\"https:\/\/eltakataka.com\/ca\/video-animacio\/\",\"url\":\"https:\/\/eltakataka.com\/ca\/video-animacio\/\",\"name\":\"V\u00eddeo animaci\u00f3 D\u00e9nia. V\u00eddeo 3d, v\u00eddeo educatiu, formatiu, promo, espot\",\"isPartOf\":{\"@id\":\"https:\/\/eltakataka.com\/ca\/#website\"},\"datePublished\":\"2014-08-21T06:18:32+00:00\",\"dateModified\":\"2021-10-22T12:12:39+00:00\",\"description\":\"V\u00eddeos d'animaci\u00f3 per a museus, ajuntaments, espectacles, teatre, festivals, negocis. Amb m\u00e9s de 10 anys d'experi\u00e8ncia a D\u00e9nia i Pego\",\"breadcrumb\":{\"@id\":\"https:\/\/eltakataka.com\/ca\/video-animacio\/#breadcrumb\"},\"inLanguage\":\"ca\",\"potentialAction\":[{\"@type\":\"ReadAction\",\"target\":[\"https:\/\/eltakataka.com\/ca\/video-animacio\/\"]}]},{\"@type\":\"BreadcrumbList\",\"@id\":\"https:\/\/eltakataka.com\/ca\/video-animacio\/#breadcrumb\",\"itemListElement\":[{\"@type\":\"ListItem\",\"position\":1,\"name\":\"Portada\",\"item\":\"https:\/\/eltakataka.com\/ca\/\"},{\"@type\":\"ListItem\",\"position\":2,\"name\":\"Videos d&#8217;animaci\u00f3\"}]},{\"@type\":\"WebSite\",\"@id\":\"https:\/\/eltakataka.com\/ca\/#website\",\"url\":\"https:\/\/eltakataka.com\/ca\/\",\"name\":\"Eltakataka\",\"description\":\"Dise\u00f1o de p\u00e1ginas web, animaci\u00f3n, documentales. D\u00e9nia y Marina Alta\",\"potentialAction\":[{\"@type\":\"SearchAction\",\"target\":{\"@type\":\"EntryPoint\",\"urlTemplate\":\"https:\/\/eltakataka.com\/ca\/?s={search_term_string}\"},\"query-input\":\"required name=search_term_string\"}],\"inLanguage\":\"ca\"}]}<\/script>\n<!-- \/ Yoast SEO plugin. -->","yoast_head_json":{"title":"V\u00eddeo animaci\u00f3 D\u00e9nia. V\u00eddeo 3d, v\u00eddeo educatiu, formatiu, promo, espot","description":"V\u00eddeos d'animaci\u00f3 per a museus, ajuntaments, espectacles, teatre, festivals, negocis. Amb m\u00e9s de 10 anys d'experi\u00e8ncia a D\u00e9nia i Pego","robots":{"index":"index","follow":"follow","max-snippet":"max-snippet:-1","max-image-preview":"max-image-preview:large","max-video-preview":"max-video-preview:-1"},"canonical":"https:\/\/eltakataka.com\/ca\/video-animacio\/","og_locale":"ca_ES","og_type":"article","og_title":"V\u00eddeo animaci\u00f3 D\u00e9nia. V\u00eddeo 3d, v\u00eddeo educatiu, formatiu, promo, espot","og_description":"V\u00eddeos d'animaci\u00f3 per a museus, ajuntaments, espectacles, teatre, festivals, negocis. Amb m\u00e9s de 10 anys d'experi\u00e8ncia a D\u00e9nia i Pego","og_url":"https:\/\/eltakataka.com\/ca\/video-animacio\/","og_site_name":"Eltakataka","article_publisher":"https:\/\/www.facebook.com\/estudiowebymultimedia","article_modified_time":"2021-10-22T12:12:39+00:00","twitter_card":"summary_large_image","schema":{"@context":"https:\/\/schema.org","@graph":[{"@type":"WebPage","@id":"https:\/\/eltakataka.com\/ca\/video-animacio\/","url":"https:\/\/eltakataka.com\/ca\/video-animacio\/","name":"V\u00eddeo animaci\u00f3 D\u00e9nia. V\u00eddeo 3d, v\u00eddeo educatiu, formatiu, promo, espot","isPartOf":{"@id":"https:\/\/eltakataka.com\/ca\/#website"},"datePublished":"2014-08-21T06:18:32+00:00","dateModified":"2021-10-22T12:12:39+00:00","description":"V\u00eddeos d'animaci\u00f3 per a museus, ajuntaments, espectacles, teatre, festivals, negocis. Amb m\u00e9s de 10 anys d'experi\u00e8ncia a D\u00e9nia i Pego","breadcrumb":{"@id":"https:\/\/eltakataka.com\/ca\/video-animacio\/#breadcrumb"},"inLanguage":"ca","potentialAction":[{"@type":"ReadAction","target":["https:\/\/eltakataka.com\/ca\/video-animacio\/"]}]},{"@type":"BreadcrumbList","@id":"https:\/\/eltakataka.com\/ca\/video-animacio\/#breadcrumb","itemListElement":[{"@type":"ListItem","position":1,"name":"Portada","item":"https:\/\/eltakataka.com\/ca\/"},{"@type":"ListItem","position":2,"name":"Videos d&#8217;animaci\u00f3"}]},{"@type":"WebSite","@id":"https:\/\/eltakataka.com\/ca\/#website","url":"https:\/\/eltakataka.com\/ca\/","name":"Eltakataka","description":"Dise\u00f1o de p\u00e1ginas web, animaci\u00f3n, documentales. D\u00e9nia y Marina Alta","potentialAction":[{"@type":"SearchAction","target":{"@type":"EntryPoint","urlTemplate":"https:\/\/eltakataka.com\/ca\/?s={search_term_string}"},"query-input":"required name=search_term_string"}],"inLanguage":"ca"}]}},"_links":{"self":[{"href":"https:\/\/eltakataka.com\/ca\/wp-json\/wp\/v2\/pages\/55988"}],"collection":[{"href":"https:\/\/eltakataka.com\/ca\/wp-json\/wp\/v2\/pages"}],"about":[{"href":"https:\/\/eltakataka.com\/ca\/wp-json\/wp\/v2\/types\/page"}],"author":[{"embeddable":true,"href":"https:\/\/eltakataka.com\/ca\/wp-json\/wp\/v2\/users\/1"}],"replies":[{"embeddable":true,"href":"https:\/\/eltakataka.com\/ca\/wp-json\/wp\/v2\/comments?post=55988"}],"version-history":[{"count":2,"href":"https:\/\/eltakataka.com\/ca\/wp-json\/wp\/v2\/pages\/55988\/revisions"}],"predecessor-version":[{"id":57216,"href":"https:\/\/eltakataka.com\/ca\/wp-json\/wp\/v2\/pages\/55988\/revisions\/57216"}],"wp:attachment":[{"href":"https:\/\/eltakataka.com\/ca\/wp-json\/wp\/v2\/media?parent=55988"}],"curies":[{"name":"wp","href":"https:\/\/api.w.org\/{rel}","templated":true}]}}