{"id":55990,"date":"2014-08-20T14:33:25","date_gmt":"2014-08-20T14:33:25","guid":{"rendered":"https:\/\/eltakataka.com\/audiovisual\/"},"modified":"2021-10-22T12:14:32","modified_gmt":"2021-10-22T12:14:32","slug":"videos-professionals-a-denia","status":"publish","type":"page","link":"https:\/\/eltakataka.com\/ca\/videos-professionals-a-denia\/","title":{"rendered":"Audiovisual"},"content":{"rendered":"<div class=\"wpb-content-wrapper\"><p>[vc_row][vc_column][vc_column_text css=&#8221;.vc_custom_1634804683282{margin-bottom: 5px !important;}&#8221;]<\/p>\n<p style=\"text-align: justify;\"><strong>VOLS TINDRE V\u00cdDEOS PROFESSIONALS EN EL TEU NEGOCI?<\/strong><\/p>\n<p style=\"text-align: justify;\">El v\u00eddeo \u00e9s una eina atractiva, r\u00e0pida i efica\u00e7 que et pot ajudar a posicionar-te millor (SEO) en el mercat online, augmentar la teua visibilitat en RRSS i ajudar-te en la difusi\u00f3 de continguts. YOUTUBE, \u00e9s la segona eina m\u00e9s potent en internet.<\/p>\n<p style=\"text-align: justify;\">Realitzem diferents v\u00eddeos (documentals, presentacions, espots tv\u2026), tant de producci\u00f3 pr\u00f2pia com de col\u2022laboraci\u00f3 amb diferents associacions, institucions, corporacions, empreses\u2026<\/p>\n<p style=\"text-align: justify;\"><strong>V\u00cdDEOS PROFESSIONALS<\/strong><\/p>\n<p>[\/vc_column_text][\/vc_column][\/vc_row][vc_row el_class=&#8221;werrr&#8221; css=&#8221;.vc_custom_1634826997670{margin-bottom: 5px !important;}&#8221;][vc_column width=&#8221;1\/5&#8243; el_id=&#8221;columnapropia1&#8243;]<div class=\"aio-icon-component  vc_custom_1634809926331  icono ok style_1\"><div id=\"Info-box-wrap-1198\" class=\"aio-icon-box left-icon\" style=\"\"  ><div class=\"aio-icon-left\"><div class=\"ult-just-icon-wrapper  \"><div class=\"align-icon\" style=\"text-align:center;\">\n<div class=\"aio-icon-img \" style=\"font-size:28px;display:inline-block;\" >\n\t<img class=\"img-icon\" alt=\"null\" src=\"https:\/\/eltakataka.com\/wp-content\/uploads\/2021\/10\/video.jpg\"\/>\n<\/div><\/div><\/div><\/div><div class=\"aio-ibd-block\"><div class=\"aio-icon-header\" ><h3 class=\"aio-icon-title ult-responsive\"  data-ultimate-target='#Info-box-wrap-1198 .aio-icon-title'  data-responsive-json-new='{\"font-size\":\"\",\"line-height\":\"\"}'  style=\"\">V\u00cdDEO PRODUCTE<\/h3><\/div> <!-- header --><\/div> <!-- aio-ibd-block --><\/div> <!-- aio-icon-box --><\/div> <!-- aio-icon-component -->[\/vc_column][vc_column width=&#8221;1\/5&#8243; el_id=&#8221;columnapropia2&#8243;]<div class=\"aio-icon-component  vc_custom_1634809932960   style_1\"><div id=\"Info-box-wrap-8604\" class=\"aio-icon-box left-icon\" style=\"\"  ><div class=\"aio-icon-left\"><div class=\"ult-just-icon-wrapper  \"><div class=\"align-icon\" style=\"text-align:center;\">\n<div class=\"aio-icon-img \" style=\"font-size:28px;display:inline-block;\" >\n\t<img class=\"img-icon\" alt=\"null\" src=\"https:\/\/eltakataka.com\/wp-content\/uploads\/2021\/10\/audiovisual.jpg\"\/>\n<\/div><\/div><\/div><\/div><div class=\"aio-ibd-block\"><div class=\"aio-icon-header\" ><h3 class=\"aio-icon-title ult-responsive\"  data-ultimate-target='#Info-box-wrap-8604 .aio-icon-title'  data-responsive-json-new='{\"font-size\":\"\",\"line-height\":\"\"}'  style=\"\">V\u00cdDEO PROMO<\/h3><\/div> <!-- header --><\/div> <!-- aio-ibd-block --><\/div> <!-- aio-icon-box --><\/div> <!-- aio-icon-component -->[\/vc_column][vc_column width=&#8221;1\/5&#8243; el_id=&#8221;columnapropia2a&#8221;]<div class=\"aio-icon-component  vc_custom_1634811587096   style_1\"><div id=\"Info-box-wrap-5159\" class=\"aio-icon-box left-icon\" style=\"\"  ><div class=\"aio-icon-left\"><div class=\"ult-just-icon-wrapper  \"><div class=\"align-icon\" style=\"text-align:center;\">\n<div class=\"aio-icon-img \" style=\"font-size:28px;display:inline-block;\" >\n\t<img class=\"img-icon\" alt=\"null\" src=\"https:\/\/eltakataka.com\/wp-content\/uploads\/2021\/10\/videoclip.jpg\"\/>\n<\/div><\/div><\/div><\/div><div class=\"aio-ibd-block\"><div class=\"aio-icon-header\" ><h3 class=\"aio-icon-title ult-responsive\"  data-ultimate-target='#Info-box-wrap-5159 .aio-icon-title'  data-responsive-json-new='{\"font-size\":\"\",\"line-height\":\"\"}'  style=\"\">V\u00cdDEO CLIP<\/h3><\/div> <!-- header --><\/div> <!-- aio-ibd-block --><\/div> <!-- aio-icon-box --><\/div> <!-- aio-icon-component -->[\/vc_column][vc_column width=&#8221;2\/5&#8243; el_id=&#8221;columnapropia3a&#8221;]<div class=\"aio-icon-component  vc_custom_1634809947792   style_1\"><div id=\"Info-box-wrap-3242\" class=\"aio-icon-box left-icon\" style=\"\"  ><div class=\"aio-icon-left\"><div class=\"ult-just-icon-wrapper  \"><div class=\"align-icon\" style=\"text-align:center;\">\n<div class=\"aio-icon-img \" style=\"font-size:28px;display:inline-block;\" >\n\t<img class=\"img-icon\" alt=\"null\" src=\"https:\/\/eltakataka.com\/wp-content\/uploads\/2021\/10\/spot.jpg\"\/>\n<\/div><\/div><\/div><\/div><div class=\"aio-ibd-block\"><div class=\"aio-icon-header\" ><h3 class=\"aio-icon-title ult-responsive\"  data-ultimate-target='#Info-box-wrap-3242 .aio-icon-title'  data-responsive-json-new='{\"font-size\":\"\",\"line-height\":\"\"}'  style=\"\">V\u00cdDEO PER A ESDEVENIMENTS<\/h3><\/div> <!-- header --><\/div> <!-- aio-ibd-block --><\/div> <!-- aio-icon-box --><\/div> <!-- aio-icon-component -->[\/vc_column][\/vc_row][vc_row css=&#8221;.vc_custom_1634827003616{margin-bottom: 1px !important;}&#8221;][vc_column width=&#8221;1\/5&#8243; el_id=&#8221;columnapropia1&#8243;]<div class=\"aio-icon-component  vc_custom_1634804830452  icono ok style_1\"><div id=\"Info-box-wrap-7354\" class=\"aio-icon-box left-icon\" style=\"\"  ><div class=\"aio-icon-left\"><div class=\"ult-just-icon-wrapper  \"><div class=\"align-icon\" style=\"text-align:center;\">\n<div class=\"aio-icon-img \" style=\"font-size:28px;display:inline-block;\" >\n\t<img class=\"img-icon\" alt=\"null\" src=\"https:\/\/eltakataka.com\/wp-content\/uploads\/2021\/10\/videos-denia.jpg\"\/>\n<\/div><\/div><\/div><\/div><div class=\"aio-ibd-block\"><div class=\"aio-icon-header\" ><h3 class=\"aio-icon-title ult-responsive\"  data-ultimate-target='#Info-box-wrap-7354 .aio-icon-title'  data-responsive-json-new='{\"font-size\":\"\",\"line-height\":\"\"}'  style=\"\">V\u00cdDEO NEGOCI<\/h3><\/div> <!-- header --><\/div> <!-- aio-ibd-block --><\/div> <!-- aio-icon-box --><\/div> <!-- aio-icon-component -->[\/vc_column][vc_column width=&#8221;1\/5&#8243; el_id=&#8221;columnapropia2c&#8221;]<div class=\"aio-icon-component  vc_custom_1634804849203   style_1\"><div id=\"Info-box-wrap-6513\" class=\"aio-icon-box left-icon\" style=\"\"  ><div class=\"aio-icon-left\"><div class=\"ult-just-icon-wrapper  \"><div class=\"align-icon\" style=\"text-align:center;\">\n<div class=\"aio-icon-img \" style=\"font-size:28px;display:inline-block;\" >\n\t<img class=\"img-icon\" alt=\"null\" src=\"https:\/\/eltakataka.com\/wp-content\/uploads\/2021\/10\/videos-xabia.jpg\"\/>\n<\/div><\/div><\/div><\/div><div class=\"aio-ibd-block\"><div class=\"aio-icon-header\" ><h3 class=\"aio-icon-title ult-responsive\"  data-ultimate-target='#Info-box-wrap-6513 .aio-icon-title'  data-responsive-json-new='{\"font-size\":\"\",\"line-height\":\"\"}'  style=\"\">V\u00cdDEO TUTORIAL<\/h3><\/div> <!-- header --><\/div> <!-- aio-ibd-block --><\/div> <!-- aio-icon-box --><\/div> <!-- aio-icon-component -->[\/vc_column][vc_column width=&#8221;1\/5&#8243; el_id=&#8221;columnapropia2&#8243;]<div class=\"aio-icon-component  vc_custom_1634804857883   style_1\"><div id=\"Info-box-wrap-3818\" class=\"aio-icon-box left-icon\" style=\"\"  ><div class=\"aio-icon-left\"><div class=\"ult-just-icon-wrapper  \"><div class=\"align-icon\" style=\"text-align:center;\">\n<div class=\"aio-icon-img \" style=\"font-size:28px;display:inline-block;\" >\n\t<img class=\"img-icon\" alt=\"null\" src=\"https:\/\/eltakataka.com\/wp-content\/uploads\/2021\/10\/videos-marina-alta.jpg\"\/>\n<\/div><\/div><\/div><\/div><div class=\"aio-ibd-block\"><div class=\"aio-icon-header\" ><h3 class=\"aio-icon-title ult-responsive\"  data-ultimate-target='#Info-box-wrap-3818 .aio-icon-title'  data-responsive-json-new='{\"font-size\":\"\",\"line-height\":\"\"}'  style=\"\">SPOT<\/h3><\/div> <!-- header --><\/div> <!-- aio-ibd-block --><\/div> <!-- aio-icon-box --><\/div> <!-- aio-icon-component -->[\/vc_column][vc_column width=&#8221;2\/5&#8243; el_id=&#8221;columnapropia3&#8243;]<div class=\"aio-icon-component  vc_custom_1634804874282   style_1\"><div id=\"Info-box-wrap-1207\" class=\"aio-icon-box left-icon\" style=\"\"  ><div class=\"aio-icon-left\"><div class=\"ult-just-icon-wrapper  \"><div class=\"align-icon\" style=\"text-align:center;\">\n<div class=\"aio-icon-img \" style=\"font-size:28px;display:inline-block;\" >\n\t<img class=\"img-icon\" alt=\"null\" src=\"https:\/\/eltakataka.com\/wp-content\/uploads\/2021\/10\/video-museos.jpg\"\/>\n<\/div><\/div><\/div><\/div><div class=\"aio-ibd-block\"><div class=\"aio-icon-header\" ><h3 class=\"aio-icon-title ult-responsive\"  data-ultimate-target='#Info-box-wrap-1207 .aio-icon-title'  data-responsive-json-new='{\"font-size\":\"\",\"line-height\":\"\"}'  style=\"\">V\u00cdDEO FELICITACI\u00d3 NADAL PER A EMPRESA<\/h3><\/div> <!-- header --><\/div> <!-- aio-ibd-block --><\/div> <!-- aio-icon-box --><\/div> <!-- aio-icon-component -->[\/vc_column][\/vc_row][vc_row][vc_column][vc_column_text css=&#8221;.vc_custom_1634804910106{margin-bottom: 10px !important;}&#8221;]<\/p>\n<p style=\"text-align: justify;\"><strong>SERVEIS<\/strong><\/p>\n<p>[\/vc_column_text][\/vc_column][\/vc_row][vc_row][vc_column]<div class=\"aio-icon-component  vc_custom_1634811416185  icono ok style_1\"><div id=\"Info-box-wrap-5472\" class=\"aio-icon-box left-icon\" style=\"\"  ><div class=\"aio-icon-left\"><div class=\"ult-just-icon-wrapper  \"><div class=\"align-icon\" style=\"text-align:center;\">\n<div class=\"aio-icon-img \" style=\"font-size:28px;display:inline-block;\" >\n\t<img class=\"img-icon\" alt=\"null\" src=\"https:\/\/eltakataka.com\/wp-content\/uploads\/2021\/10\/gravacion.jpg\"\/>\n<\/div><\/div><\/div><\/div><div class=\"aio-ibd-block\"><div class=\"aio-icon-header\" ><h3 class=\"aio-icon-title ult-responsive\"  data-ultimate-target='#Info-box-wrap-5472 .aio-icon-title'  data-responsive-json-new='{\"font-size\":\"\",\"line-height\":\"\"}'  style=\"\">DE GRAVACI\u00d3, EDICI\u00d3 I MUNTATGE<\/h3><\/div> <!-- header --><\/div> <!-- aio-ibd-block --><\/div> <!-- aio-icon-box --><\/div> <!-- aio-icon-component -->[\/vc_column][\/vc_row][vc_row][vc_column][vc_column_text]<\/p>\n<p style=\"text-align: justify;\">El nostre treball ha sigut des de la\u00a0PRODUCCI\u00d3, DIRECCI\u00d3, REALITZACI\u00d3, INVESTIGACI\u00d3, GUI\u00d3, POSTPRODUCCI\u00d3, DISSENY GR\u00c0FIC,\u00a0fins a la finalitzaci\u00f3 de l&#8217;audiovisual plasmant-la en dvd. Els documentals s\u00f3n de tipus, urban\u00edstic, socials, culturals, hist\u00f2rics, trailers\u2026<\/p>\n<p style=\"text-align: justify;\">Creaci\u00f3 de v\u00eddeos a D\u00e9nia, Pego, Ondara, X\u00e0bia, Pedreguer, el Verger, Benissa, Marina Alta, Alacant, Val\u00e8ncia, Oliva, Gandia\u2026<\/p>\n<p>[\/vc_column_text][\/vc_column][\/vc_row]<\/p>\n<\/div>","protected":false},"excerpt":{"rendered":"<p>[vc_row][vc_column][vc_column_text css=&#8221;.vc_custom_1634804683282{margin-bottom: 5px !important;}&#8221;] VOLS TINDRE V\u00cdDEOS PROFESSIONALS EN EL TEU NEGOCI? El v\u00eddeo \u00e9s una eina atractiva, r\u00e0pida i efica\u00e7 que et pot ajudar a posicionar-te millor (SEO) en el mercat online, augmentar la teua visibilitat en RRSS i ajudar-te en la difusi\u00f3 de continguts. YOUTUBE, \u00e9s la segona eina m\u00e9s potent en internet.&hellip;<\/p>\n","protected":false},"author":1,"featured_media":0,"parent":0,"menu_order":0,"comment_status":"closed","ping_status":"closed","template":"template-portfolio-masonry.php","meta":{"footnotes":""},"yoast_head":"<!-- This site is optimized with the Yoast SEO plugin v21.4 - https:\/\/yoast.com\/wordpress\/plugins\/seo\/ -->\n<title>V\u00eddeos per al negoci, vendre els productes. D\u00e9nia, Pego, X\u00e0bia, Ondara<\/title>\n<meta name=\"description\" content=\"VOLS TINDRE V\u00cdDEOS PROFESSIONALS EN EL TEU NEGOCI? El v\u00eddeo et pot ajudar en el SEO, mercat online, en les RRSS. A vendre els teus productes\" \/>\n<meta name=\"robots\" content=\"index, follow, max-snippet:-1, max-image-preview:large, max-video-preview:-1\" \/>\n<link rel=\"canonical\" href=\"https:\/\/eltakataka.com\/ca\/videos-professionals-a-denia\/\" \/>\n<meta property=\"og:locale\" content=\"ca_ES\" \/>\n<meta property=\"og:type\" content=\"article\" \/>\n<meta property=\"og:title\" content=\"V\u00eddeos per al negoci, vendre els productes. D\u00e9nia, Pego, X\u00e0bia, Ondara\" \/>\n<meta property=\"og:description\" content=\"VOLS TINDRE V\u00cdDEOS PROFESSIONALS EN EL TEU NEGOCI? El v\u00eddeo et pot ajudar en el SEO, mercat online, en les RRSS. A vendre els teus productes\" \/>\n<meta property=\"og:url\" content=\"https:\/\/eltakataka.com\/ca\/videos-professionals-a-denia\/\" \/>\n<meta property=\"og:site_name\" content=\"Eltakataka\" \/>\n<meta property=\"article:publisher\" content=\"https:\/\/www.facebook.com\/estudiowebymultimedia\" \/>\n<meta property=\"article:modified_time\" content=\"2021-10-22T12:14:32+00:00\" \/>\n<meta name=\"twitter:card\" content=\"summary_large_image\" \/>\n<meta name=\"twitter:label1\" content=\"Temps estimat de lectura\" \/>\n\t<meta name=\"twitter:data1\" content=\"2 minuts\" \/>\n<script type=\"application\/ld+json\" class=\"yoast-schema-graph\">{\"@context\":\"https:\/\/schema.org\",\"@graph\":[{\"@type\":\"WebPage\",\"@id\":\"https:\/\/eltakataka.com\/ca\/videos-professionals-a-denia\/\",\"url\":\"https:\/\/eltakataka.com\/ca\/videos-professionals-a-denia\/\",\"name\":\"V\u00eddeos per al negoci, vendre els productes. D\u00e9nia, Pego, X\u00e0bia, Ondara\",\"isPartOf\":{\"@id\":\"https:\/\/eltakataka.com\/ca\/#website\"},\"datePublished\":\"2014-08-20T14:33:25+00:00\",\"dateModified\":\"2021-10-22T12:14:32+00:00\",\"description\":\"VOLS TINDRE V\u00cdDEOS PROFESSIONALS EN EL TEU NEGOCI? El v\u00eddeo et pot ajudar en el SEO, mercat online, en les RRSS. A vendre els teus productes\",\"breadcrumb\":{\"@id\":\"https:\/\/eltakataka.com\/ca\/videos-professionals-a-denia\/#breadcrumb\"},\"inLanguage\":\"ca\",\"potentialAction\":[{\"@type\":\"ReadAction\",\"target\":[\"https:\/\/eltakataka.com\/ca\/videos-professionals-a-denia\/\"]}]},{\"@type\":\"BreadcrumbList\",\"@id\":\"https:\/\/eltakataka.com\/ca\/videos-professionals-a-denia\/#breadcrumb\",\"itemListElement\":[{\"@type\":\"ListItem\",\"position\":1,\"name\":\"Portada\",\"item\":\"https:\/\/eltakataka.com\/ca\/\"},{\"@type\":\"ListItem\",\"position\":2,\"name\":\"Audiovisual\"}]},{\"@type\":\"WebSite\",\"@id\":\"https:\/\/eltakataka.com\/ca\/#website\",\"url\":\"https:\/\/eltakataka.com\/ca\/\",\"name\":\"Eltakataka\",\"description\":\"Dise\u00f1o de p\u00e1ginas web, animaci\u00f3n, documentales. D\u00e9nia y Marina Alta\",\"potentialAction\":[{\"@type\":\"SearchAction\",\"target\":{\"@type\":\"EntryPoint\",\"urlTemplate\":\"https:\/\/eltakataka.com\/ca\/?s={search_term_string}\"},\"query-input\":\"required name=search_term_string\"}],\"inLanguage\":\"ca\"}]}<\/script>\n<!-- \/ Yoast SEO plugin. -->","yoast_head_json":{"title":"V\u00eddeos per al negoci, vendre els productes. D\u00e9nia, Pego, X\u00e0bia, Ondara","description":"VOLS TINDRE V\u00cdDEOS PROFESSIONALS EN EL TEU NEGOCI? El v\u00eddeo et pot ajudar en el SEO, mercat online, en les RRSS. A vendre els teus productes","robots":{"index":"index","follow":"follow","max-snippet":"max-snippet:-1","max-image-preview":"max-image-preview:large","max-video-preview":"max-video-preview:-1"},"canonical":"https:\/\/eltakataka.com\/ca\/videos-professionals-a-denia\/","og_locale":"ca_ES","og_type":"article","og_title":"V\u00eddeos per al negoci, vendre els productes. D\u00e9nia, Pego, X\u00e0bia, Ondara","og_description":"VOLS TINDRE V\u00cdDEOS PROFESSIONALS EN EL TEU NEGOCI? El v\u00eddeo et pot ajudar en el SEO, mercat online, en les RRSS. A vendre els teus productes","og_url":"https:\/\/eltakataka.com\/ca\/videos-professionals-a-denia\/","og_site_name":"Eltakataka","article_publisher":"https:\/\/www.facebook.com\/estudiowebymultimedia","article_modified_time":"2021-10-22T12:14:32+00:00","twitter_card":"summary_large_image","twitter_misc":{"Temps estimat de lectura":"2 minuts"},"schema":{"@context":"https:\/\/schema.org","@graph":[{"@type":"WebPage","@id":"https:\/\/eltakataka.com\/ca\/videos-professionals-a-denia\/","url":"https:\/\/eltakataka.com\/ca\/videos-professionals-a-denia\/","name":"V\u00eddeos per al negoci, vendre els productes. D\u00e9nia, Pego, X\u00e0bia, Ondara","isPartOf":{"@id":"https:\/\/eltakataka.com\/ca\/#website"},"datePublished":"2014-08-20T14:33:25+00:00","dateModified":"2021-10-22T12:14:32+00:00","description":"VOLS TINDRE V\u00cdDEOS PROFESSIONALS EN EL TEU NEGOCI? El v\u00eddeo et pot ajudar en el SEO, mercat online, en les RRSS. A vendre els teus productes","breadcrumb":{"@id":"https:\/\/eltakataka.com\/ca\/videos-professionals-a-denia\/#breadcrumb"},"inLanguage":"ca","potentialAction":[{"@type":"ReadAction","target":["https:\/\/eltakataka.com\/ca\/videos-professionals-a-denia\/"]}]},{"@type":"BreadcrumbList","@id":"https:\/\/eltakataka.com\/ca\/videos-professionals-a-denia\/#breadcrumb","itemListElement":[{"@type":"ListItem","position":1,"name":"Portada","item":"https:\/\/eltakataka.com\/ca\/"},{"@type":"ListItem","position":2,"name":"Audiovisual"}]},{"@type":"WebSite","@id":"https:\/\/eltakataka.com\/ca\/#website","url":"https:\/\/eltakataka.com\/ca\/","name":"Eltakataka","description":"Dise\u00f1o de p\u00e1ginas web, animaci\u00f3n, documentales. D\u00e9nia y Marina Alta","potentialAction":[{"@type":"SearchAction","target":{"@type":"EntryPoint","urlTemplate":"https:\/\/eltakataka.com\/ca\/?s={search_term_string}"},"query-input":"required name=search_term_string"}],"inLanguage":"ca"}]}},"_links":{"self":[{"href":"https:\/\/eltakataka.com\/ca\/wp-json\/wp\/v2\/pages\/55990"}],"collection":[{"href":"https:\/\/eltakataka.com\/ca\/wp-json\/wp\/v2\/pages"}],"about":[{"href":"https:\/\/eltakataka.com\/ca\/wp-json\/wp\/v2\/types\/page"}],"author":[{"embeddable":true,"href":"https:\/\/eltakataka.com\/ca\/wp-json\/wp\/v2\/users\/1"}],"replies":[{"embeddable":true,"href":"https:\/\/eltakataka.com\/ca\/wp-json\/wp\/v2\/comments?post=55990"}],"version-history":[{"count":4,"href":"https:\/\/eltakataka.com\/ca\/wp-json\/wp\/v2\/pages\/55990\/revisions"}],"predecessor-version":[{"id":57197,"href":"https:\/\/eltakataka.com\/ca\/wp-json\/wp\/v2\/pages\/55990\/revisions\/57197"}],"wp:attachment":[{"href":"https:\/\/eltakataka.com\/ca\/wp-json\/wp\/v2\/media?parent=55990"}],"curies":[{"name":"wp","href":"https:\/\/api.w.org\/{rel}","templated":true}]}}