{"id":56106,"date":"2018-02-13T07:59:41","date_gmt":"2018-02-13T07:59:41","guid":{"rendered":"https:\/\/eltakataka.com\/politica-de-cookies\/"},"modified":"2018-02-13T09:18:50","modified_gmt":"2018-02-13T09:18:50","slug":"politica-de-cookies","status":"publish","type":"page","link":"https:\/\/eltakataka.com\/ca\/politica-de-cookies\/","title":{"rendered":"Pol\u00edtica  de cookies"},"content":{"rendered":"<h2>Informaci\u00f3 de Cookies<\/h2>\n<p>Les cookies s\u00f3n arxius que es poden descarregar en el seu equip a trav\u00e9s de les p\u00e0gines web. S\u00f3n eines que tenen un paper essencial per a la prestaci\u00f3 de nombrosos serveis de la societat de la informaci\u00f3. Entre d&#8217;altres, permeten a una p\u00e0gina web emmagatzemar i recuperar informaci\u00f3 sobre els h\u00e0bits de navegaci\u00f3 d&#8217;un usuari o del seu equip i, depenent de la informaci\u00f3 obtinguda, es poden utilitzar per recon\u00e8ixer a l&#8217;usuari i millorar el servei ofert.<\/p>\n<h2>Estad\u00edstiques del lloc de Google<\/h2>\n<p>Segons qui sigui l&#8217;entitat que gestioni el domini desde on s&#8217;envien les cookies i tracti les dades que s&#8217;obtinguin es poden distingir dos tipus: galetes pr\u00f2pies i galetes de tercers. Existeix tamb\u00e9 una segona classificaci\u00f3 segons el termini de temps que romanen emmagatzemades al navegador del client, podent tractar-se de cookies de sessi\u00f3 o galetes persistents. Finalment, hi ha una altra classificaci\u00f3 amb cinc tipus de cookies segons la finalitat per a la qual es tractin les dades obtingudes: galetes t\u00e8cniques, galetes de personalitzaci\u00f3, galetes d&#8217;an\u00e0lisi, galetes publicit\u00e0ries i galetes de publicitat comportamental.<\/p>\n<h2>Galetes utilitzades en la web<\/h2>\n<p>A continuaci\u00f3 s&#8217;identifiquen les galetes que estan sent utilitzades en aquest portal aix\u00ed com la seva tipologia i funci\u00f3: Una galeta pr\u00f2pia de tipus t\u00e8cnic anomenada PHPSESSID necess\u00e0ria per a la correcta navegaci\u00f3 per les p\u00e0gines web. Galetes de Google Analytics, un servei d&#8217;anal\u00edtica web desenvolupada per Google, que permet el mesurament i an\u00e0lisi de la navegaci\u00f3 a les p\u00e0gines web. En el seu navegador podr\u00e0 observar 4 galetes d&#8217;aquest servei. Segons la tipologia anterior es tracta de cookies pr\u00f2pies, de sessi\u00f3 i d&#8217;an\u00e0lisi. Podeu trobar m\u00e9s informaci\u00f3 al respecte i inhabilitar l&#8217;\u00fas d&#8217;aquestes galetes a: <a href=\"http:\/\/www.google.es\/intl\/es_ALL\/analytics\/learn\/privacy.html\" target=\"_blank\" rel=\"noopener\">http:\/\/www.google.es\/intl\/es_ALL\/analytics\/learn\/privacy.html<\/a><br \/>\nMitjan\u00e7ant l&#8217;anal\u00edtica web no s&#8217;obt\u00e9 informaci\u00f3 sobre les seves dades personals garantint la tutela de la privacitat de les persones que naveguen per la web. La informaci\u00f3 que s&#8217;obt\u00e9 \u00e9s la relativa al nombre d&#8217;usuaris que accedeixen al web, el nombre de p\u00e0gines vistes, la freq\u00fc\u00e8ncia i repetici\u00f3 de les visites, la seva durada, el navegador utilitzat, l&#8217;operador que presta el servei, l&#8217;idioma, el terminal que utilitza, o la ciutat a la qual est\u00e0 assignada la seva adre\u00e7a IP. Informaci\u00f3 que possibilita un millor i m\u00e9s apropiat servei per part d&#8217;aquest portal.<\/p>\n<h2>Com modificar la configuraci\u00f3 de les galetes<\/h2>\n<p>Vost\u00e8 pot restringir, bloquejar o esborrar les galetes d&#8217;aquest lloc o qualsevol altra p\u00e0gina web, utilitzant el seu navegador. A cada navegador l&#8217;operativa diferent, la funci\u00f3 d&#8217;ajuda li mostrar\u00e0 com fer-ho.<\/p>\n<ul>\n<li><a href=\"http:\/\/windows.microsoft.com\/es-xl\/internet-explorer\/delete-manage-cookies#ie=ie-10\">Internet Explorer<\/a><\/li>\n<li><a href=\"https:\/\/support.mozilla.org\/es\/kb\/Borrar%20cookies\">Firefox<\/a><\/li>\n<li><a href=\"https:\/\/support.google.com\/chrome\/answer\/95647?hl=es\">Google Chrome<\/a><\/li>\n<li><a href=\"https:\/\/www.youtube.com\/watch?v=gdfxTPW8eOo\">Configurar Google Chrome (Video)<\/a><\/li>\n<\/ul>\n","protected":false},"excerpt":{"rendered":"<p>Informaci\u00f3 de Cookies Les cookies s\u00f3n arxius que es poden descarregar en el seu equip a trav\u00e9s de les p\u00e0gines web. S\u00f3n eines que tenen un paper essencial per a la prestaci\u00f3 de nombrosos serveis de la societat de la informaci\u00f3. Entre d&#8217;altres, permeten a una p\u00e0gina web emmagatzemar i recuperar informaci\u00f3 sobre els h\u00e0bits&hellip;<\/p>\n","protected":false},"author":1,"featured_media":0,"parent":0,"menu_order":0,"comment_status":"closed","ping_status":"closed","template":"","meta":{"footnotes":""},"yoast_head":"<!-- This site is optimized with the Yoast SEO plugin v21.4 - https:\/\/yoast.com\/wordpress\/plugins\/seo\/ -->\n<title>Pol\u00edtica de cookies - Eltakataka<\/title>\n<meta name=\"robots\" content=\"index, follow, max-snippet:-1, max-image-preview:large, max-video-preview:-1\" \/>\n<link rel=\"canonical\" href=\"https:\/\/eltakataka.com\/ca\/politica-de-cookies\/\" \/>\n<meta property=\"og:locale\" content=\"ca_ES\" \/>\n<meta property=\"og:type\" content=\"article\" \/>\n<meta property=\"og:title\" content=\"Pol\u00edtica de cookies - Eltakataka\" \/>\n<meta property=\"og:description\" content=\"Informaci\u00f3 de Cookies Les cookies s\u00f3n arxius que es poden descarregar en el seu equip a trav\u00e9s de les p\u00e0gines web. S\u00f3n eines que tenen un paper essencial per a la prestaci\u00f3 de nombrosos serveis de la societat de la informaci\u00f3. Entre d&#8217;altres, permeten a una p\u00e0gina web emmagatzemar i recuperar informaci\u00f3 sobre els h\u00e0bits&hellip;\" \/>\n<meta property=\"og:url\" content=\"https:\/\/eltakataka.com\/ca\/politica-de-cookies\/\" \/>\n<meta property=\"og:site_name\" content=\"Eltakataka\" \/>\n<meta property=\"article:publisher\" content=\"https:\/\/www.facebook.com\/estudiowebymultimedia\" \/>\n<meta property=\"article:modified_time\" content=\"2018-02-13T09:18:50+00:00\" \/>\n<meta name=\"twitter:card\" content=\"summary_large_image\" \/>\n<meta name=\"twitter:label1\" content=\"Temps estimat de lectura\" \/>\n\t<meta name=\"twitter:data1\" content=\"2 minuts\" \/>\n<script type=\"application\/ld+json\" class=\"yoast-schema-graph\">{\"@context\":\"https:\/\/schema.org\",\"@graph\":[{\"@type\":\"WebPage\",\"@id\":\"https:\/\/eltakataka.com\/ca\/politica-de-cookies\/\",\"url\":\"https:\/\/eltakataka.com\/ca\/politica-de-cookies\/\",\"name\":\"Pol\u00edtica de cookies - Eltakataka\",\"isPartOf\":{\"@id\":\"https:\/\/eltakataka.com\/ca\/#website\"},\"datePublished\":\"2018-02-13T07:59:41+00:00\",\"dateModified\":\"2018-02-13T09:18:50+00:00\",\"breadcrumb\":{\"@id\":\"https:\/\/eltakataka.com\/ca\/politica-de-cookies\/#breadcrumb\"},\"inLanguage\":\"ca\",\"potentialAction\":[{\"@type\":\"ReadAction\",\"target\":[\"https:\/\/eltakataka.com\/ca\/politica-de-cookies\/\"]}]},{\"@type\":\"BreadcrumbList\",\"@id\":\"https:\/\/eltakataka.com\/ca\/politica-de-cookies\/#breadcrumb\",\"itemListElement\":[{\"@type\":\"ListItem\",\"position\":1,\"name\":\"Portada\",\"item\":\"https:\/\/eltakataka.com\/ca\/\"},{\"@type\":\"ListItem\",\"position\":2,\"name\":\"Pol\u00edtica de cookies\"}]},{\"@type\":\"WebSite\",\"@id\":\"https:\/\/eltakataka.com\/ca\/#website\",\"url\":\"https:\/\/eltakataka.com\/ca\/\",\"name\":\"Eltakataka\",\"description\":\"Dise\u00f1o de p\u00e1ginas web, animaci\u00f3n, documentales. D\u00e9nia y Marina Alta\",\"potentialAction\":[{\"@type\":\"SearchAction\",\"target\":{\"@type\":\"EntryPoint\",\"urlTemplate\":\"https:\/\/eltakataka.com\/ca\/?s={search_term_string}\"},\"query-input\":\"required name=search_term_string\"}],\"inLanguage\":\"ca\"}]}<\/script>\n<!-- \/ Yoast SEO plugin. -->","yoast_head_json":{"title":"Pol\u00edtica de cookies - Eltakataka","robots":{"index":"index","follow":"follow","max-snippet":"max-snippet:-1","max-image-preview":"max-image-preview:large","max-video-preview":"max-video-preview:-1"},"canonical":"https:\/\/eltakataka.com\/ca\/politica-de-cookies\/","og_locale":"ca_ES","og_type":"article","og_title":"Pol\u00edtica de cookies - Eltakataka","og_description":"Informaci\u00f3 de Cookies Les cookies s\u00f3n arxius que es poden descarregar en el seu equip a trav\u00e9s de les p\u00e0gines web. S\u00f3n eines que tenen un paper essencial per a la prestaci\u00f3 de nombrosos serveis de la societat de la informaci\u00f3. Entre d&#8217;altres, permeten a una p\u00e0gina web emmagatzemar i recuperar informaci\u00f3 sobre els h\u00e0bits&hellip;","og_url":"https:\/\/eltakataka.com\/ca\/politica-de-cookies\/","og_site_name":"Eltakataka","article_publisher":"https:\/\/www.facebook.com\/estudiowebymultimedia","article_modified_time":"2018-02-13T09:18:50+00:00","twitter_card":"summary_large_image","twitter_misc":{"Temps estimat de lectura":"2 minuts"},"schema":{"@context":"https:\/\/schema.org","@graph":[{"@type":"WebPage","@id":"https:\/\/eltakataka.com\/ca\/politica-de-cookies\/","url":"https:\/\/eltakataka.com\/ca\/politica-de-cookies\/","name":"Pol\u00edtica de cookies - Eltakataka","isPartOf":{"@id":"https:\/\/eltakataka.com\/ca\/#website"},"datePublished":"2018-02-13T07:59:41+00:00","dateModified":"2018-02-13T09:18:50+00:00","breadcrumb":{"@id":"https:\/\/eltakataka.com\/ca\/politica-de-cookies\/#breadcrumb"},"inLanguage":"ca","potentialAction":[{"@type":"ReadAction","target":["https:\/\/eltakataka.com\/ca\/politica-de-cookies\/"]}]},{"@type":"BreadcrumbList","@id":"https:\/\/eltakataka.com\/ca\/politica-de-cookies\/#breadcrumb","itemListElement":[{"@type":"ListItem","position":1,"name":"Portada","item":"https:\/\/eltakataka.com\/ca\/"},{"@type":"ListItem","position":2,"name":"Pol\u00edtica de cookies"}]},{"@type":"WebSite","@id":"https:\/\/eltakataka.com\/ca\/#website","url":"https:\/\/eltakataka.com\/ca\/","name":"Eltakataka","description":"Dise\u00f1o de p\u00e1ginas web, animaci\u00f3n, documentales. D\u00e9nia y Marina Alta","potentialAction":[{"@type":"SearchAction","target":{"@type":"EntryPoint","urlTemplate":"https:\/\/eltakataka.com\/ca\/?s={search_term_string}"},"query-input":"required name=search_term_string"}],"inLanguage":"ca"}]}},"_links":{"self":[{"href":"https:\/\/eltakataka.com\/ca\/wp-json\/wp\/v2\/pages\/56106"}],"collection":[{"href":"https:\/\/eltakataka.com\/ca\/wp-json\/wp\/v2\/pages"}],"about":[{"href":"https:\/\/eltakataka.com\/ca\/wp-json\/wp\/v2\/types\/page"}],"author":[{"embeddable":true,"href":"https:\/\/eltakataka.com\/ca\/wp-json\/wp\/v2\/users\/1"}],"replies":[{"embeddable":true,"href":"https:\/\/eltakataka.com\/ca\/wp-json\/wp\/v2\/comments?post=56106"}],"version-history":[{"count":0,"href":"https:\/\/eltakataka.com\/ca\/wp-json\/wp\/v2\/pages\/56106\/revisions"}],"wp:attachment":[{"href":"https:\/\/eltakataka.com\/ca\/wp-json\/wp\/v2\/media?parent=56106"}],"curies":[{"name":"wp","href":"https:\/\/api.w.org\/{rel}","templated":true}]}}