{"id":56108,"date":"2018-02-13T07:57:10","date_gmt":"2018-02-13T07:57:10","guid":{"rendered":"https:\/\/eltakataka.com\/politica-de-privacidad\/"},"modified":"2018-02-13T09:11:14","modified_gmt":"2018-02-13T09:11:14","slug":"politica-de-privacidad","status":"publish","type":"page","link":"https:\/\/eltakataka.com\/ca\/politica-de-privacidad\/","title":{"rendered":"Pol\u00edtica de privacitat"},"content":{"rendered":"<h3 style=\"text-align: left;\">POL\u00cdTICA DE PRIVACITAT<\/h3>\n<p style=\"text-align: left;\">Mitjan\u00e7ant el present comunicat ELTAKATAKA SC. (Eltakataka en endavant) amb domicili al carrer Marqu\u00e9s de Campo, 42. Pis 4A-7. 03700 D\u00e9nia (Alacant) i adre\u00e7a de correu electr\u00f2nic info@eltakataka.com posa en coneixement dels usuaris del lloc web www.eltakataka.com la seva pol\u00edtica de protecci\u00f3 de dades de car\u00e0cter personal, perqu\u00e8 els usuaris determinin lliure i volunt\u00e0riament si desitgen facilitar a Eltakataka les dades personals que se&#8217;ls requereixin amb ocasi\u00f3 de la subscripci\u00f3, registre o emplenament de qualssevol formulari de dades en l\u00ednia o enviament de correu electr\u00f2nic.<br \/>\nEltakataka, es reserva la facultat de modificar aquesta Pol\u00edtica de privadesa per mantenir-la adaptada a la legislaci\u00f3 vigent sobre protecci\u00f3 de dades. En aquests casos, Eltakataka anunciar\u00e0 en aquest lloc web els canvis introdu\u00efts amb raonable antelaci\u00f3 a la seva posada en pr\u00e0ctica.<br \/>\nLa visita a aquest lloc web no implica que l&#8217;usuari estigui obligat a facilitar cap informaci\u00f3 sobre el mateix. En el cas que l&#8217;usuari faciliti alguna informaci\u00f3 de car\u00e0cter personal, les dades recollides en aquest lloc web seran tractades de forma lleial i l\u00edcita amb subjecci\u00f3 en tot moment als principis i drets recollits en la Llei Org\u00e0nica 15\/1999, de 13 de desembre, de protecci\u00f3 de dades de car\u00e0cter personal (LOPD), i altra normativa de desenvolupament.<\/p>\n<div>\n<h3>El dret d&#8217;informaci\u00f3<\/h3>\n<p>D&#8217;acord amb l&#8217;Art.5 LOPD us informem que les dades personals subministrades per vost\u00e8 passaran a formar part d&#8217;un fitxer automatitzat de ELTAKATAKA SC., \u00danica destinat\u00e0ria de la informaci\u00f3, tenint com a finalitat el subministrament d&#8217;informaci\u00f3 immobili\u00e0ria, realitzaci\u00f3 de campanyes comercials sobre els immobles i serveis d&#8217;intermediaci\u00f3 immobili\u00e0ria que presta l&#8217;empresa. En qualsevol moment podr\u00e0 exercitar els seus drets d&#8217;acc\u00e9s, rectificaci\u00f3, cancel\u00b7laci\u00f3 o oposici\u00f3 en l&#8217;adre\u00e7a: info@eltakataka.com o remetent escrit al carrer Marqu\u00e9s de Campo, 42. Pis 4A-7. 03700 D\u00e9nia (Alacant).<\/p>\n<h3>El consentiment informat<\/h3>\n<p>En conseq\u00fc\u00e8ncia, els usuaris que facilitin dades de car\u00e0cter personal en aquest lloc web consenten de forma inequ\u00edvoca la incorporaci\u00f3 dels mateixos als fitxers automatitzats que \u00e9s responsable Eltakataka per a les finalitats espec\u00edficament determinades anteriorment.<\/p>\n<h3>El principi de qualitat de dades<\/h3>\n<p>Les dades de car\u00e0cter personal proporcionades pels usuaris seran exactes i posades al dia de manera que responguin amb veracitat a la situaci\u00f3 actual de l&#8217;afectat. Per aix\u00f2, l&#8217;usuari haur\u00e0 de respondre de la veracitat i certesa de les dades personals subministrades i comunicar qualsevol modificaci\u00f3 dels mateixos que es produeixi en un futur.<br \/>\nEltakataka procedir\u00e0 a la cancel\u00b7laci\u00f3 de les dades personals recollides quan deixin de ser necess\u00e0ries o pertinents per a la finalitat per a la qual haguessin estat recaptats o registrats. La cancel\u00b7laci\u00f3 donar\u00e0 lloc al bloqueig de les dades, conservant-se \u00fanicament a disposici\u00f3 de les administracions p\u00fabliques, jutges i tribunals, per a l&#8217;atenci\u00f3 de les possibles responsabilitats nascudes del tractament, durant el termini de prescripci\u00f3 d&#8217;aquestes. Complert aquest termini es procedir\u00e0 a la supressi\u00f3 de les seves dades personals.<\/p>\n<h3>El principi de seguretat de les dades.<\/h3>\n<p>Eltakataka ha adoptat totes les mesures t\u00e8cniques i organitzatives necess\u00e0ries per garantir la seguretat de les dades de car\u00e0cter personal i evitar la seva alteraci\u00f3, p\u00e8rdua, tractament o acc\u00e9s no autoritzat. El nivell de seguretat adoptat est\u00e0 d&#8217;acord amb la naturalesa de les dades personals subministrades.<\/p>\n<h3>L&#8217;\u00fas de galetes.<\/h3>\n<p>Les cookies s\u00f3n petits fitxers de dades o conjunt de car\u00e0cters que s&#8217;emmagatzemen en el disc dur oa la mem\u00f2ria temporal de l&#8217;ordinador de l&#8217;usuari quan accedeix a les p\u00e0gines de determinats llocs web. S&#8217;utilitzen perqu\u00e8 el servidor accedit pugui con\u00e8ixer les prefer\u00e8ncies de l&#8217;usuari al tornar aquest a connectar-se.<br \/>\nL&#8217;acc\u00e9s a aquest lloc web pot implicar la utilitzaci\u00f3 de cookies, que tindran per finalitat el facilitar el proc\u00e9s de visualitzaci\u00f3 de la p\u00e0gina web i servir la publicitat o determinats continguts o informacions d&#8217;inter\u00e8s per a l&#8217;usuari.<br \/>\nLes cookies utilitzades no poden llegir els arxius galeta creats per altres prove\u00efdors. L&#8217;usuari t\u00e9 la possibilitat de configurar el seu navegador per ser avisat en pantalla de la recepci\u00f3 de cookies i per impedir la instal\u00b7laci\u00f3 de cookies al seu disc dur. Per aix\u00f2, l&#8217;usuari ha de consultar les instruccions i manuals del seu navegador per ampliar aquesta informaci\u00f3.<br \/>\nCap cookie permet extreure informaci\u00f3 del disc dur de l&#8217;usuari o accedir a informaci\u00f3 personal. Simplement associen el navegador d&#8217;un ordinador determinat a un codi an\u00f2nim. L&#8217;\u00fanica manera que la informaci\u00f3 privada d&#8217;un usuari formi part d&#8217;un arxiu galeta, \u00e9s que l&#8217;usuari doni personalment aquesta informaci\u00f3 al servidor.<\/p>\n<h3 style=\"text-align: left;\" align=\"center\">\nL&#8217;enviament de comunicacions comercials per correu electr\u00f2nic o altres mitjans de comunicaci\u00f3 electr\u00f2nica equivalent.<\/h3>\n<p style=\"text-align: left;\" align=\"center\">At\u00e8s que l&#8217;adre\u00e7a de correu electr\u00f2nic de l&#8217;usuari \u00e9s una dada de car\u00e0cter personal quan permet identificar-lo, mitjan\u00e7ant la seva recollida en el formulari de dades online l&#8217;usuari autoritza expressament a Eltakataka al seu tractament per a l&#8217;enviament d&#8217;informacions i comunicacions comercials o promocionals relatives als nostres immobles i serveis d&#8217;intermediaci\u00f3 immobili\u00e0ria. Aquestes comunicacions estaran precedides per la paraula publicitat al comen\u00e7ament del missatge i identificaran clarament a Eltakataka. No obstant aix\u00f2, vost\u00e8 pot revocar en qualsevol moment el seu consentiment per a la recepci\u00f3 de comunicacions comercials amb la simple notificaci\u00f3 a la nostra adre\u00e7a electr\u00f2nica info@eltakataka.com o marcant la casella de no enviament de publicitat.<\/p>\n<\/div>\n","protected":false},"excerpt":{"rendered":"<p>POL\u00cdTICA DE PRIVACITAT Mitjan\u00e7ant el present comunicat ELTAKATAKA SC. (Eltakataka en endavant) amb domicili al carrer Marqu\u00e9s de Campo, 42. Pis 4A-7. 03700 D\u00e9nia (Alacant) i adre\u00e7a de correu electr\u00f2nic info@eltakataka.com posa en coneixement dels usuaris del lloc web www.eltakataka.com la seva pol\u00edtica de protecci\u00f3 de dades de car\u00e0cter personal, perqu\u00e8 els usuaris determinin lliure&hellip;<\/p>\n","protected":false},"author":1,"featured_media":0,"parent":0,"menu_order":0,"comment_status":"closed","ping_status":"closed","template":"","meta":{"footnotes":""},"yoast_head":"<!-- This site is optimized with the Yoast SEO plugin v21.4 - https:\/\/yoast.com\/wordpress\/plugins\/seo\/ -->\n<title>Pol\u00edtica de privacitat - Eltakataka<\/title>\n<meta name=\"robots\" content=\"index, follow, max-snippet:-1, max-image-preview:large, max-video-preview:-1\" \/>\n<link rel=\"canonical\" href=\"https:\/\/eltakataka.com\/ca\/politica-de-privacidad\/\" \/>\n<meta property=\"og:locale\" content=\"ca_ES\" \/>\n<meta property=\"og:type\" content=\"article\" \/>\n<meta property=\"og:title\" content=\"Pol\u00edtica de privacitat - Eltakataka\" \/>\n<meta property=\"og:description\" content=\"POL\u00cdTICA DE PRIVACITAT Mitjan\u00e7ant el present comunicat ELTAKATAKA SC. (Eltakataka en endavant) amb domicili al carrer Marqu\u00e9s de Campo, 42. Pis 4A-7. 03700 D\u00e9nia (Alacant) i adre\u00e7a de correu electr\u00f2nic info@eltakataka.com posa en coneixement dels usuaris del lloc web www.eltakataka.com la seva pol\u00edtica de protecci\u00f3 de dades de car\u00e0cter personal, perqu\u00e8 els usuaris determinin lliure&hellip;\" \/>\n<meta property=\"og:url\" content=\"https:\/\/eltakataka.com\/ca\/politica-de-privacidad\/\" \/>\n<meta property=\"og:site_name\" content=\"Eltakataka\" \/>\n<meta property=\"article:publisher\" content=\"https:\/\/www.facebook.com\/estudiowebymultimedia\" \/>\n<meta property=\"article:modified_time\" content=\"2018-02-13T09:11:14+00:00\" \/>\n<meta name=\"twitter:card\" content=\"summary_large_image\" \/>\n<meta name=\"twitter:label1\" content=\"Temps estimat de lectura\" \/>\n\t<meta name=\"twitter:data1\" content=\"5 minuts\" \/>\n<script type=\"application\/ld+json\" class=\"yoast-schema-graph\">{\"@context\":\"https:\/\/schema.org\",\"@graph\":[{\"@type\":\"WebPage\",\"@id\":\"https:\/\/eltakataka.com\/ca\/politica-de-privacidad\/\",\"url\":\"https:\/\/eltakataka.com\/ca\/politica-de-privacidad\/\",\"name\":\"Pol\u00edtica de privacitat - Eltakataka\",\"isPartOf\":{\"@id\":\"https:\/\/eltakataka.com\/ca\/#website\"},\"datePublished\":\"2018-02-13T07:57:10+00:00\",\"dateModified\":\"2018-02-13T09:11:14+00:00\",\"breadcrumb\":{\"@id\":\"https:\/\/eltakataka.com\/ca\/politica-de-privacidad\/#breadcrumb\"},\"inLanguage\":\"ca\",\"potentialAction\":[{\"@type\":\"ReadAction\",\"target\":[\"https:\/\/eltakataka.com\/ca\/politica-de-privacidad\/\"]}]},{\"@type\":\"BreadcrumbList\",\"@id\":\"https:\/\/eltakataka.com\/ca\/politica-de-privacidad\/#breadcrumb\",\"itemListElement\":[{\"@type\":\"ListItem\",\"position\":1,\"name\":\"Portada\",\"item\":\"https:\/\/eltakataka.com\/ca\/\"},{\"@type\":\"ListItem\",\"position\":2,\"name\":\"Pol\u00edtica de privacitat\"}]},{\"@type\":\"WebSite\",\"@id\":\"https:\/\/eltakataka.com\/ca\/#website\",\"url\":\"https:\/\/eltakataka.com\/ca\/\",\"name\":\"Eltakataka\",\"description\":\"Dise\u00f1o de p\u00e1ginas web, animaci\u00f3n, documentales. D\u00e9nia y Marina Alta\",\"potentialAction\":[{\"@type\":\"SearchAction\",\"target\":{\"@type\":\"EntryPoint\",\"urlTemplate\":\"https:\/\/eltakataka.com\/ca\/?s={search_term_string}\"},\"query-input\":\"required name=search_term_string\"}],\"inLanguage\":\"ca\"}]}<\/script>\n<!-- \/ Yoast SEO plugin. -->","yoast_head_json":{"title":"Pol\u00edtica de privacitat - Eltakataka","robots":{"index":"index","follow":"follow","max-snippet":"max-snippet:-1","max-image-preview":"max-image-preview:large","max-video-preview":"max-video-preview:-1"},"canonical":"https:\/\/eltakataka.com\/ca\/politica-de-privacidad\/","og_locale":"ca_ES","og_type":"article","og_title":"Pol\u00edtica de privacitat - Eltakataka","og_description":"POL\u00cdTICA DE PRIVACITAT Mitjan\u00e7ant el present comunicat ELTAKATAKA SC. (Eltakataka en endavant) amb domicili al carrer Marqu\u00e9s de Campo, 42. Pis 4A-7. 03700 D\u00e9nia (Alacant) i adre\u00e7a de correu electr\u00f2nic info@eltakataka.com posa en coneixement dels usuaris del lloc web www.eltakataka.com la seva pol\u00edtica de protecci\u00f3 de dades de car\u00e0cter personal, perqu\u00e8 els usuaris determinin lliure&hellip;","og_url":"https:\/\/eltakataka.com\/ca\/politica-de-privacidad\/","og_site_name":"Eltakataka","article_publisher":"https:\/\/www.facebook.com\/estudiowebymultimedia","article_modified_time":"2018-02-13T09:11:14+00:00","twitter_card":"summary_large_image","twitter_misc":{"Temps estimat de lectura":"5 minuts"},"schema":{"@context":"https:\/\/schema.org","@graph":[{"@type":"WebPage","@id":"https:\/\/eltakataka.com\/ca\/politica-de-privacidad\/","url":"https:\/\/eltakataka.com\/ca\/politica-de-privacidad\/","name":"Pol\u00edtica de privacitat - Eltakataka","isPartOf":{"@id":"https:\/\/eltakataka.com\/ca\/#website"},"datePublished":"2018-02-13T07:57:10+00:00","dateModified":"2018-02-13T09:11:14+00:00","breadcrumb":{"@id":"https:\/\/eltakataka.com\/ca\/politica-de-privacidad\/#breadcrumb"},"inLanguage":"ca","potentialAction":[{"@type":"ReadAction","target":["https:\/\/eltakataka.com\/ca\/politica-de-privacidad\/"]}]},{"@type":"BreadcrumbList","@id":"https:\/\/eltakataka.com\/ca\/politica-de-privacidad\/#breadcrumb","itemListElement":[{"@type":"ListItem","position":1,"name":"Portada","item":"https:\/\/eltakataka.com\/ca\/"},{"@type":"ListItem","position":2,"name":"Pol\u00edtica de privacitat"}]},{"@type":"WebSite","@id":"https:\/\/eltakataka.com\/ca\/#website","url":"https:\/\/eltakataka.com\/ca\/","name":"Eltakataka","description":"Dise\u00f1o de p\u00e1ginas web, animaci\u00f3n, documentales. D\u00e9nia y Marina Alta","potentialAction":[{"@type":"SearchAction","target":{"@type":"EntryPoint","urlTemplate":"https:\/\/eltakataka.com\/ca\/?s={search_term_string}"},"query-input":"required name=search_term_string"}],"inLanguage":"ca"}]}},"_links":{"self":[{"href":"https:\/\/eltakataka.com\/ca\/wp-json\/wp\/v2\/pages\/56108"}],"collection":[{"href":"https:\/\/eltakataka.com\/ca\/wp-json\/wp\/v2\/pages"}],"about":[{"href":"https:\/\/eltakataka.com\/ca\/wp-json\/wp\/v2\/types\/page"}],"author":[{"embeddable":true,"href":"https:\/\/eltakataka.com\/ca\/wp-json\/wp\/v2\/users\/1"}],"replies":[{"embeddable":true,"href":"https:\/\/eltakataka.com\/ca\/wp-json\/wp\/v2\/comments?post=56108"}],"version-history":[{"count":0,"href":"https:\/\/eltakataka.com\/ca\/wp-json\/wp\/v2\/pages\/56108\/revisions"}],"wp:attachment":[{"href":"https:\/\/eltakataka.com\/ca\/wp-json\/wp\/v2\/media?parent=56108"}],"curies":[{"name":"wp","href":"https:\/\/api.w.org\/{rel}","templated":true}]}}