{"id":56317,"date":"2018-09-28T15:05:12","date_gmt":"2018-09-28T15:05:12","guid":{"rendered":"https:\/\/eltakataka.com\/felicitacion-navidad-y-ano-nuevo-animada-para-empresas\/"},"modified":"2021-10-22T11:38:57","modified_gmt":"2021-10-22T11:38:57","slug":"felicitacion-navidad-y-ano-nuevo-animada-para-empresas","status":"publish","type":"page","link":"https:\/\/eltakataka.com\/ca\/felicitacion-navidad-y-ano-nuevo-animada-para-empresas\/","title":{"rendered":"V\u00eddeo animat i personalitzat per a empreses. Felicitaci\u00f3 festes, Nadal i Any Nou"},"content":{"rendered":"<div class=\"wpb-content-wrapper\"><p>[vc_row][vc_column width=&#8221;2\/3&#8243;][vc_video link=&#8221;https:\/\/www.youtube.com\/watch?v=NkEVNIdMXis&#8221;][\/vc_column][vc_column width=&#8221;1\/3&#8243;][vc_column_text]<img decoding=\"async\" loading=\"lazy\" class=\"alignright wp-image-56406 size-full\" src=\"https:\/\/eltakataka.com\/wp-content\/uploads\/2018\/10\/animacio-1.jpg\" alt=\"\" width=\"454\" height=\"397\" srcset=\"https:\/\/eltakataka.com\/wp-content\/uploads\/2018\/10\/animacio-1.jpg 454w, https:\/\/eltakataka.com\/wp-content\/uploads\/2018\/10\/animacio-1-300x262.jpg 300w\" sizes=\"(max-width: 454px) 100vw, 454px\" \/>[\/vc_column_text][\/vc_column][\/vc_row][vc_row][vc_column][vc_separator color=&#8221;white&#8221;][vc_column_text]<\/p>\n<h3 style=\"text-align: center;\"><span style=\"color: #b2d6d8;\"><strong>NO DEIXES ELS PROJECTES DIVERTITS PER A L&#8217;\u00daLTIM MOMENT !!!<\/strong><\/span><\/h3>\n<p>[\/vc_column_text][vc_column_text]<\/p>\n<p style=\"text-align: justify;\">Felicita les festes, el Nadal i Any Nou, amb un <strong>v\u00eddeo animat i personalitzat del teu negoci i aconsegueix<\/strong> l&#8217;atenci\u00f3 de <strong>nous clients. <\/strong>El v\u00eddeo el podr\u00e0s difondre a trav\u00e9s de les xarxes socials com Facebook, WhatsApp, Twitter, Google Plus, YouTube, Vimeo i fins i tot col\u2022locar-ho en la teua pr\u00f2pia web per a arribar al m\u00e0xim de gent possible.<\/p>\n<p style=\"text-align: justify;\">Gr\u00e0cies a l&#8217;animaci\u00f3 aconseguir\u00e0s <strong>mostrar els teus productes en venda, millorar posicionament<\/strong> (SEO) en Google i augmentar <strong>visibilitat en les xarxes socials.<\/strong><\/p>\n<p>V\u00cdDEO FELICITACI\u00d3 DE LES FESTES, NADAL I ANY NOU PER A EMPRESES a D\u00e9nia, Pego, Ondara, X\u00e0bia, Pedreguer, Marina Alta, Alacant, Val\u00e8ncia, Oliva&#8230;<\/p>\n<p style=\"text-align: justify;\"><strong>+ INFO SENSE COMPROM\u00cdS, <a href=\"https:\/\/eltakataka.com\/ca\/contacte\/\" target=\"_blank\" rel=\"noopener\">AC\u00cd<\/a>. <\/strong>Et deixem a continuaci\u00f3 uns treballs realitzats.<\/p>\n<p>[\/vc_column_text][vc_separator color=&#8221;white&#8221;][\/vc_column][\/vc_row]<\/p>\n<\/div>","protected":false},"excerpt":{"rendered":"<p>[vc_row][vc_column width=&#8221;2\/3&#8243;][vc_video link=&#8221;https:\/\/www.youtube.com\/watch?v=NkEVNIdMXis&#8221;][\/vc_column][vc_column width=&#8221;1\/3&#8243;][vc_column_text][\/vc_column_text][\/vc_column][\/vc_row][vc_row][vc_column][vc_separator color=&#8221;white&#8221;][vc_column_text] NO DEIXES ELS PROJECTES DIVERTITS PER A L&#8217;\u00daLTIM MOMENT !!! [\/vc_column_text][vc_column_text] Felicita les festes, el Nadal i Any Nou, amb un v\u00eddeo animat i personalitzat del teu negoci i aconsegueix l&#8217;atenci\u00f3 de nous clients. El v\u00eddeo el podr\u00e0s difondre a trav\u00e9s de les xarxes socials com Facebook, WhatsApp, Twitter, Google&hellip;<\/p>\n","protected":false},"author":1,"featured_media":56366,"parent":0,"menu_order":0,"comment_status":"closed","ping_status":"closed","template":"template-portfolio-masonry.php","meta":{"footnotes":""},"yoast_head":"<!-- This site is optimized with the Yoast SEO plugin v21.4 - https:\/\/yoast.com\/wordpress\/plugins\/seo\/ -->\n<title>V\u00eddeo animat i personalitzat per a empreses. Felicitaci\u00f3 festes i Nadal<\/title>\n<meta name=\"description\" content=\"V\u00eddeo animat per al teu negoci. Aconsegueix clients, vendre els teus productes, millorar posicionament i visibilitat en les xarxes socials\" \/>\n<meta name=\"robots\" content=\"index, follow, max-snippet:-1, max-image-preview:large, max-video-preview:-1\" \/>\n<link rel=\"canonical\" href=\"https:\/\/eltakataka.com\/ca\/felicitacion-navidad-y-ano-nuevo-animada-para-empresas\/\" \/>\n<meta property=\"og:locale\" content=\"ca_ES\" \/>\n<meta property=\"og:type\" content=\"article\" \/>\n<meta property=\"og:title\" content=\"V\u00eddeo animat i personalitzat per a empreses. Felicitaci\u00f3 festes i Nadal\" \/>\n<meta property=\"og:description\" content=\"V\u00eddeo animat per al teu negoci. Aconsegueix clients, vendre els teus productes, millorar posicionament i visibilitat en les xarxes socials\" \/>\n<meta property=\"og:url\" content=\"https:\/\/eltakataka.com\/ca\/felicitacion-navidad-y-ano-nuevo-animada-para-empresas\/\" \/>\n<meta property=\"og:site_name\" content=\"Eltakataka\" \/>\n<meta property=\"article:publisher\" content=\"https:\/\/www.facebook.com\/estudiowebymultimedia\" \/>\n<meta property=\"article:modified_time\" content=\"2021-10-22T11:38:57+00:00\" \/>\n<meta property=\"og:image\" content=\"https:\/\/eltakataka.com\/wp-content\/uploads\/2018\/10\/felicitacion-navidad-eltakataka.jpg\" \/>\n\t<meta property=\"og:image:width\" content=\"1632\" \/>\n\t<meta property=\"og:image:height\" content=\"873\" \/>\n\t<meta property=\"og:image:type\" content=\"image\/jpeg\" \/>\n<meta name=\"twitter:card\" content=\"summary_large_image\" \/>\n<meta name=\"twitter:label1\" content=\"Temps estimat de lectura\" \/>\n\t<meta name=\"twitter:data1\" content=\"1 minut\" \/>\n<script type=\"application\/ld+json\" class=\"yoast-schema-graph\">{\"@context\":\"https:\/\/schema.org\",\"@graph\":[{\"@type\":\"WebPage\",\"@id\":\"https:\/\/eltakataka.com\/ca\/felicitacion-navidad-y-ano-nuevo-animada-para-empresas\/\",\"url\":\"https:\/\/eltakataka.com\/ca\/felicitacion-navidad-y-ano-nuevo-animada-para-empresas\/\",\"name\":\"V\u00eddeo animat i personalitzat per a empreses. Felicitaci\u00f3 festes i Nadal\",\"isPartOf\":{\"@id\":\"https:\/\/eltakataka.com\/ca\/#website\"},\"datePublished\":\"2018-09-28T15:05:12+00:00\",\"dateModified\":\"2021-10-22T11:38:57+00:00\",\"description\":\"V\u00eddeo animat per al teu negoci. Aconsegueix clients, vendre els teus productes, millorar posicionament i visibilitat en les xarxes socials\",\"breadcrumb\":{\"@id\":\"https:\/\/eltakataka.com\/ca\/felicitacion-navidad-y-ano-nuevo-animada-para-empresas\/#breadcrumb\"},\"inLanguage\":\"ca\",\"potentialAction\":[{\"@type\":\"ReadAction\",\"target\":[\"https:\/\/eltakataka.com\/ca\/felicitacion-navidad-y-ano-nuevo-animada-para-empresas\/\"]}]},{\"@type\":\"BreadcrumbList\",\"@id\":\"https:\/\/eltakataka.com\/ca\/felicitacion-navidad-y-ano-nuevo-animada-para-empresas\/#breadcrumb\",\"itemListElement\":[{\"@type\":\"ListItem\",\"position\":1,\"name\":\"Portada\",\"item\":\"https:\/\/eltakataka.com\/ca\/\"},{\"@type\":\"ListItem\",\"position\":2,\"name\":\"V\u00eddeo animat i personalitzat per a empreses. Felicitaci\u00f3 festes, Nadal i Any Nou\"}]},{\"@type\":\"WebSite\",\"@id\":\"https:\/\/eltakataka.com\/ca\/#website\",\"url\":\"https:\/\/eltakataka.com\/ca\/\",\"name\":\"Eltakataka\",\"description\":\"Dise\u00f1o de p\u00e1ginas web, animaci\u00f3n, documentales. D\u00e9nia y Marina Alta\",\"potentialAction\":[{\"@type\":\"SearchAction\",\"target\":{\"@type\":\"EntryPoint\",\"urlTemplate\":\"https:\/\/eltakataka.com\/ca\/?s={search_term_string}\"},\"query-input\":\"required name=search_term_string\"}],\"inLanguage\":\"ca\"}]}<\/script>\n<!-- \/ Yoast SEO plugin. -->","yoast_head_json":{"title":"V\u00eddeo animat i personalitzat per a empreses. Felicitaci\u00f3 festes i Nadal","description":"V\u00eddeo animat per al teu negoci. Aconsegueix clients, vendre els teus productes, millorar posicionament i visibilitat en les xarxes socials","robots":{"index":"index","follow":"follow","max-snippet":"max-snippet:-1","max-image-preview":"max-image-preview:large","max-video-preview":"max-video-preview:-1"},"canonical":"https:\/\/eltakataka.com\/ca\/felicitacion-navidad-y-ano-nuevo-animada-para-empresas\/","og_locale":"ca_ES","og_type":"article","og_title":"V\u00eddeo animat i personalitzat per a empreses. Felicitaci\u00f3 festes i Nadal","og_description":"V\u00eddeo animat per al teu negoci. Aconsegueix clients, vendre els teus productes, millorar posicionament i visibilitat en les xarxes socials","og_url":"https:\/\/eltakataka.com\/ca\/felicitacion-navidad-y-ano-nuevo-animada-para-empresas\/","og_site_name":"Eltakataka","article_publisher":"https:\/\/www.facebook.com\/estudiowebymultimedia","article_modified_time":"2021-10-22T11:38:57+00:00","og_image":[{"width":1632,"height":873,"url":"https:\/\/eltakataka.com\/wp-content\/uploads\/2018\/10\/felicitacion-navidad-eltakataka.jpg","type":"image\/jpeg"}],"twitter_card":"summary_large_image","twitter_misc":{"Temps estimat de lectura":"1 minut"},"schema":{"@context":"https:\/\/schema.org","@graph":[{"@type":"WebPage","@id":"https:\/\/eltakataka.com\/ca\/felicitacion-navidad-y-ano-nuevo-animada-para-empresas\/","url":"https:\/\/eltakataka.com\/ca\/felicitacion-navidad-y-ano-nuevo-animada-para-empresas\/","name":"V\u00eddeo animat i personalitzat per a empreses. Felicitaci\u00f3 festes i Nadal","isPartOf":{"@id":"https:\/\/eltakataka.com\/ca\/#website"},"datePublished":"2018-09-28T15:05:12+00:00","dateModified":"2021-10-22T11:38:57+00:00","description":"V\u00eddeo animat per al teu negoci. Aconsegueix clients, vendre els teus productes, millorar posicionament i visibilitat en les xarxes socials","breadcrumb":{"@id":"https:\/\/eltakataka.com\/ca\/felicitacion-navidad-y-ano-nuevo-animada-para-empresas\/#breadcrumb"},"inLanguage":"ca","potentialAction":[{"@type":"ReadAction","target":["https:\/\/eltakataka.com\/ca\/felicitacion-navidad-y-ano-nuevo-animada-para-empresas\/"]}]},{"@type":"BreadcrumbList","@id":"https:\/\/eltakataka.com\/ca\/felicitacion-navidad-y-ano-nuevo-animada-para-empresas\/#breadcrumb","itemListElement":[{"@type":"ListItem","position":1,"name":"Portada","item":"https:\/\/eltakataka.com\/ca\/"},{"@type":"ListItem","position":2,"name":"V\u00eddeo animat i personalitzat per a empreses. Felicitaci\u00f3 festes, Nadal i Any Nou"}]},{"@type":"WebSite","@id":"https:\/\/eltakataka.com\/ca\/#website","url":"https:\/\/eltakataka.com\/ca\/","name":"Eltakataka","description":"Dise\u00f1o de p\u00e1ginas web, animaci\u00f3n, documentales. D\u00e9nia y Marina Alta","potentialAction":[{"@type":"SearchAction","target":{"@type":"EntryPoint","urlTemplate":"https:\/\/eltakataka.com\/ca\/?s={search_term_string}"},"query-input":"required name=search_term_string"}],"inLanguage":"ca"}]}},"_links":{"self":[{"href":"https:\/\/eltakataka.com\/ca\/wp-json\/wp\/v2\/pages\/56317"}],"collection":[{"href":"https:\/\/eltakataka.com\/ca\/wp-json\/wp\/v2\/pages"}],"about":[{"href":"https:\/\/eltakataka.com\/ca\/wp-json\/wp\/v2\/types\/page"}],"author":[{"embeddable":true,"href":"https:\/\/eltakataka.com\/ca\/wp-json\/wp\/v2\/users\/1"}],"replies":[{"embeddable":true,"href":"https:\/\/eltakataka.com\/ca\/wp-json\/wp\/v2\/comments?post=56317"}],"version-history":[{"count":2,"href":"https:\/\/eltakataka.com\/ca\/wp-json\/wp\/v2\/pages\/56317\/revisions"}],"predecessor-version":[{"id":57213,"href":"https:\/\/eltakataka.com\/ca\/wp-json\/wp\/v2\/pages\/56317\/revisions\/57213"}],"wp:featuredmedia":[{"embeddable":true,"href":"https:\/\/eltakataka.com\/ca\/wp-json\/wp\/v2\/media\/56366"}],"wp:attachment":[{"href":"https:\/\/eltakataka.com\/ca\/wp-json\/wp\/v2\/media?parent=56317"}],"curies":[{"name":"wp","href":"https:\/\/api.w.org\/{rel}","templated":true}]}}